{"id":41711,"date":"2021-11-16T11:30:30","date_gmt":"2021-11-16T10:30:30","guid":{"rendered":"https:\/\/retradycja.eu\/?page_id=41711"},"modified":"2023-11-09T12:52:21","modified_gmt":"2023-11-09T11:52:21","slug":"slowodaje","status":"publish","type":"page","link":"https:\/\/retradycja.eu\/pl\/tradycja-caly-rok\/slowodaje\/","title":{"rendered":"Spotkania Opowiadaczy S\u0142owodaj\u0119"},"content":{"rendered":"<p><div class=\"fusion-fullwidth fullwidth-box fusion-builder-row-1 fusion-flex-container nonhundred-percent-fullwidth non-hundred-percent-height-scrolling\" style=\"--awb-border-radius-top-left:0px;--awb-border-radius-top-right:0px;--awb-border-radius-bottom-right:0px;--awb-border-radius-bottom-left:0px;--awb-margin-top:2%;--awb-background-color:#ffffff;--awb-flex-wrap:wrap;\" ><div class=\"fusion-builder-row fusion-row fusion-flex-align-items-flex-start fusion-flex-content-wrap\" style=\"max-width:calc( 1920px + 0px );margin-left: calc(-0px \/ 2 );margin-right: calc(-0px \/ 2 );\"><div class=\"fusion-layout-column fusion_builder_column fusion-builder-column-0 fusion_builder_column_1_1 1_1 fusion-flex-column\" style=\"--awb-padding-left:8%;--awb-bg-size:cover;--awb-width-large:100%;--awb-margin-top-large:0px;--awb-spacing-right-large:0px;--awb-margin-bottom-large:20px;--awb-spacing-left-large:0px;--awb-width-medium:100%;--awb-spacing-right-medium:0px;--awb-spacing-left-medium:0px;--awb-width-small:100%;--awb-spacing-right-small:0px;--awb-spacing-left-small:0px;\"><div class=\"fusion-column-wrapper fusion-column-has-shadow fusion-flex-justify-content-flex-start fusion-content-layout-column\"><div class=\"fusion-text fusion-text-1\"><h1 class=\"fusion-responsive-typography-calculated\" style=\"--fontsize: 43.2; line-height: 1.16;\" data-fontsize=\"43.2\" data-lineheight=\"50.112px\"><span class=\"czarny_tekst\">Spotkania Opowiadaczy S\u0142owodaj\u0119<\/span><\/h1>\n<\/div><\/div><\/div><\/div><\/div><div class=\"fusion-fullwidth fullwidth-box fusion-builder-row-2 fusion-flex-container nonhundred-percent-fullwidth non-hundred-percent-height-scrolling\" style=\"--awb-border-radius-top-left:0px;--awb-border-radius-top-right:0px;--awb-border-radius-bottom-right:0px;--awb-border-radius-bottom-left:0px;--awb-padding-right:8%;--awb-padding-left:8%;--awb-margin-top:2%;--awb-flex-wrap:wrap;\" ><div class=\"fusion-builder-row fusion-row fusion-flex-align-items-flex-start fusion-flex-content-wrap\" style=\"max-width:1996.8px;margin-left: calc(-4% \/ 2 );margin-right: calc(-4% \/ 2 );\"><div class=\"fusion-layout-column fusion_builder_column fusion-builder-column-1 fusion_builder_column_1_3 1_3 fusion-flex-column\" style=\"--awb-bg-size:cover;--awb-width-large:33.333333333333%;--awb-margin-top-large:0px;--awb-spacing-right-large:5.76%;--awb-margin-bottom-large:20px;--awb-spacing-left-large:5.76%;--awb-width-medium:33.333333333333%;--awb-order-medium:0;--awb-spacing-right-medium:5.76%;--awb-spacing-left-medium:5.76%;--awb-width-small:100%;--awb-order-small:0;--awb-spacing-right-small:1.92%;--awb-spacing-left-small:1.92%;\"><div class=\"fusion-column-wrapper fusion-column-has-shadow fusion-flex-justify-content-flex-start fusion-content-layout-column\"><div class=\"fusion-image-element \" style=\"--awb-caption-title-font-family:var(--h2_typography-font-family);--awb-caption-title-font-weight:var(--h2_typography-font-weight);--awb-caption-title-font-style:var(--h2_typography-font-style);--awb-caption-title-size:var(--h2_typography-font-size);--awb-caption-title-transform:var(--h2_typography-text-transform);--awb-caption-title-line-height:var(--h2_typography-line-height);--awb-caption-title-letter-spacing:var(--h2_typography-letter-spacing);\"><span class=\" fusion-imageframe imageframe-none imageframe-1 hover-type-none\"><img decoding=\"async\" width=\"1024\" height=\"576\" alt=\"M\u0119\u017cczyzna w stroju kosmonauty z mikrofonem w r\u0119ce.\" title=\"opowiadacze_hd\" src=\"https:\/\/retradycja.eu\/wp-content\/uploads\/2021\/11\/opowiadacze_hd.jpg\" data-orig-src=\"https:\/\/retradycja.eu\/wp-content\/uploads\/2021\/11\/opowiadacze_hd-1024x576.jpg\" class=\"lazyload img-responsive wp-image-41704\" srcset=\"data:image\/svg+xml,%3Csvg%20xmlns%3D%27http%3A%2F%2Fwww.w3.org%2F2000%2Fsvg%27%20width%3D%271920%27%20height%3D%271080%27%20viewBox%3D%270%200%201920%201080%27%3E%3Crect%20width%3D%271920%27%20height%3D%271080%27%20fill-opacity%3D%220%22%2F%3E%3C%2Fsvg%3E\" data-srcset=\"https:\/\/retradycja.eu\/wp-content\/uploads\/2021\/11\/opowiadacze_hd-200x113.jpg 200w, https:\/\/retradycja.eu\/wp-content\/uploads\/2021\/11\/opowiadacze_hd-400x225.jpg 400w, https:\/\/retradycja.eu\/wp-content\/uploads\/2021\/11\/opowiadacze_hd-600x338.jpg 600w, https:\/\/retradycja.eu\/wp-content\/uploads\/2021\/11\/opowiadacze_hd-800x450.jpg 800w, https:\/\/retradycja.eu\/wp-content\/uploads\/2021\/11\/opowiadacze_hd-1200x675.jpg 1200w, https:\/\/retradycja.eu\/wp-content\/uploads\/2021\/11\/opowiadacze_hd.jpg 1920w\" data-sizes=\"auto\" data-orig-sizes=\"(max-width: 640px) 100vw, 600px\" \/><\/span><\/div><\/div><\/div><div class=\"fusion-layout-column fusion_builder_column fusion-builder-column-2 fusion_builder_column_2_3 2_3 fusion-flex-column\" style=\"--awb-bg-size:cover;--awb-width-large:66.666666666667%;--awb-margin-top-large:0px;--awb-spacing-right-large:2.88%;--awb-margin-bottom-large:20px;--awb-spacing-left-large:2.88%;--awb-width-medium:66.666666666667%;--awb-order-medium:0;--awb-spacing-right-medium:2.88%;--awb-spacing-left-medium:2.88%;--awb-width-small:100%;--awb-order-small:0;--awb-spacing-right-small:1.92%;--awb-spacing-left-small:1.92%;\"><div class=\"fusion-column-wrapper fusion-column-has-shadow fusion-flex-justify-content-flex-start fusion-content-layout-column\"><div class=\"fusion-text fusion-text-2\"><p>&nbsp;<\/p>\n<\/div><div class=\"fusion-text fusion-text-3\"><p style=\"text-align: left;\">Spotkania Opowiadaczy S\u0142owodaj\u0119 ponownie zapraszaj\u0105 do wsp\u00f3lnego sp\u0119dzania czasu, snucia opowie\u015bci i s\u0142uchania historii, kt\u00f3re b\u0119d\u0105 nas wzrusza\u0107, bawi\u0107 czy pomaga\u0107 zrozumie\u0107 otaczaj\u0105cy nas \u015bwiat i towarzysz\u0105ce nam emocje.<\/p>\n<p style=\"text-align: left;\">\u201eS\u0142owodaj\u0119\u201d swoim pocz\u0105tkiem si\u0119ga 2008 roku, kiedy to po raz pierwszy zosta\u0142y zrealizowane jako kilkudniowy festiwal. Kolejne lata to przede wszystkim spotkania cykliczne i warsztaty. Przez ten czas mieli\u015bmy okazj\u0119 wys\u0142ucha\u0107 wielu historii opowiadaczy z Polski i z zagranicy.<\/p>\n<p style=\"text-align: left;\">Nadszed\u0142 czas na powr\u00f3t, a wi\u0119c zapraszamy!<\/p>\n<hr>\n<h2 class=\"fusion-responsive-typography-calculated\" style=\"--fontsize: 36; line-height: 1.2;\" data-fontsize=\"36\" data-lineheight=\"43.2px\">SPOTKANIA<\/h2>\n<p><strong>2023<\/strong><br \/>\nKwiecie\u0144<a href=\"https:\/\/retradycja.eu\/pl\/sokrates-w-piaskownicy-spotkania-opowiadaczy-slowodaje\/\"><strong>: Sokrates w piaskownicy<\/strong><\/a><br \/>\nListopad:<a href=\"https:\/\/retradycja.eu\/pl\/opowiesci-bestiariuszowe-spotkania-opowiadaczy-slowodaje\/\"><strong> Opowie\u015bci bestiariuszowe<\/strong><\/a><br \/>\nGrudzie\u0144: <a href=\"https:\/\/retradycja.eu\/pl\/opowiesc-o-hienie-loli-spotkania-opowiadaczy-slowodaje\/\"><strong>Opowie\u015b\u0107 o Hienie Loli<\/strong><\/a><\/p>\n<p><b style=\"background-color: rgba(255, 255, 255, 0); color: var(--body_typography-color); font-family: var(--body_typography-font-family); font-size: 14.4px; font-style: var(--body_typography-font-style,normal); letter-spacing: var(--body_typography-letter-spacing);\" data-fusion-font=\"true\">2022<br \/>\n<\/b><span style=\"color: var(--body_typography-color); font-family: var(--body_typography-font-family); font-style: var(--body_typography-font-style,normal); letter-spacing: var(--body_typography-letter-spacing); font-weight: var(--body_typography-font-weight); font-size: 14.4px;\" data-fusion-font=\"true\">Pa\u017adziernik: <\/span><a style=\"font-family: var(--body_typography-font-family); font-size: var(--body_typography-font-size); font-style: var(--body_typography-font-style,normal); letter-spacing: var(--body_typography-letter-spacing); font-weight: var(--body_typography-font-weight);\" href=\"https:\/\/retradycja.eu\/pl\/miedzy-swiatem-a-zaswiatem-spektakl-i-warsztaty-rodzinne\/\"><b style=\"font-size: 14.4px;\" data-fusion-font=\"true\">Mi\u0119dzy \u015awiatem a Za\u015bwiatem<\/b><\/a><b><br \/>\n<\/b><span style=\"color: var(--body_typography-color); font-family: var(--body_typography-font-family); font-style: var(--body_typography-font-style,normal); font-weight: var(--body_typography-font-weight); letter-spacing: var(--body_typography-letter-spacing); background-color: rgba(255, 255, 255, 0); font-size: var(--body_typography-font-size);\"><span style=\"font-weight: var(--body_typography-font-weight); font-size: 14.4px;\" data-fusion-font=\"true\">Maj: <\/span><\/span><a style=\"font-family: var(--body_typography-font-family); font-style: var(--body_typography-font-style,normal); font-weight: var(--body_typography-font-weight); letter-spacing: var(--body_typography-letter-spacing); background-color: rgba(255, 255, 255, 0); font-size: var(--body_typography-font-size);\" href=\"https:\/\/retradycja.eu\/pl\/tkaczka-chmur-spotkania-opowiadaczy-slowodaje\/\"><b style=\"font-size: 14.4px;\" data-fusion-font=\"true\">Tkaczka Chmur<\/b><\/a><\/p>\n<p><b>2021<\/b><br \/>\nGrudzie\u0144: <a href=\"https:\/\/retradycja.eu\/pl\/spotkania-opowiadaczy-slowodaje-zapraszaja\/\"><b>Pi\u0119kny jest robot | Opowie\u015bci z krainy kwant\u00f3w<\/b><\/a><\/p>\n<\/div><\/div><\/div><\/div><\/div><\/p>\n","protected":false},"excerpt":{"rendered":"","protected":false},"author":5,"featured_media":41704,"parent":31499,"menu_order":0,"comment_status":"closed","ping_status":"closed","template":"","meta":{"_acf_changed":false,"ngg_post_thumbnail":0,"footnotes":""},"acf":[],"yoast_head":"<!-- This site is optimized with the Yoast SEO plugin v22.2 - https:\/\/yoast.com\/wordpress\/plugins\/seo\/ -->\n<title>Spotkania Opowiadaczy S\u0142owodaj\u0119<\/title>\n<meta name=\"description\" content=\"Spotkania Opowiadaczy S\u0142owodaj\u0119 ponownie zapraszaj\u0105 do wsp\u00f3lnego sp\u0119dzania czasu.\" \/>\n<meta name=\"robots\" content=\"index, follow, max-snippet:-1, max-image-preview:large, max-video-preview:-1\" \/>\n<link rel=\"canonical\" href=\"https:\/\/retradycja.eu\/pl\/tradycja-caly-rok\/slowodaje\/\" \/>\n<meta property=\"og:locale\" content=\"pl_PL\" \/>\n<meta property=\"og:type\" content=\"article\" \/>\n<meta property=\"og:title\" content=\"Spotkania Opowiadaczy S\u0142owodaj\u0119\" \/>\n<meta property=\"og:description\" content=\"Spotkania Opowiadaczy S\u0142owodaj\u0119 ponownie zapraszaj\u0105 do wsp\u00f3lnego sp\u0119dzania czasu.\" \/>\n<meta property=\"og:url\" content=\"https:\/\/retradycja.eu\/pl\/tradycja-caly-rok\/slowodaje\/\" \/>\n<meta property=\"og:site_name\" content=\"Festiwal Re:tradycja - Jarmark Jagiello\u0144ski\" \/>\n<meta property=\"article:publisher\" content=\"https:\/\/www.facebook.com\/retradycja\" \/>\n<meta property=\"article:modified_time\" content=\"2023-11-09T11:52:21+00:00\" \/>\n<meta property=\"og:image\" content=\"https:\/\/retradycja.eu\/wp-content\/uploads\/2021\/11\/opowiadacze_hd.jpg\" \/>\n\t<meta property=\"og:image:width\" content=\"1920\" \/>\n\t<meta property=\"og:image:height\" content=\"1080\" \/>\n\t<meta property=\"og:image:type\" content=\"image\/jpeg\" \/>\n<meta name=\"twitter:card\" content=\"summary_large_image\" \/>\n<meta name=\"twitter:label1\" content=\"Szacowany czas czytania\" \/>\n\t<meta name=\"twitter:data1\" content=\"3 minuty\" \/>\n<script type=\"application\/ld+json\" class=\"yoast-schema-graph\">{\"@context\":\"https:\/\/schema.org\",\"@graph\":[{\"@type\":\"WebPage\",\"@id\":\"https:\/\/retradycja.eu\/pl\/tradycja-caly-rok\/slowodaje\/\",\"url\":\"https:\/\/retradycja.eu\/pl\/tradycja-caly-rok\/slowodaje\/\",\"name\":\"Spotkania Opowiadaczy S\u0142owodaj\u0119\",\"isPartOf\":{\"@id\":\"https:\/\/retradycja.eu\/pl\/#website\"},\"primaryImageOfPage\":{\"@id\":\"https:\/\/retradycja.eu\/pl\/tradycja-caly-rok\/slowodaje\/#primaryimage\"},\"image\":{\"@id\":\"https:\/\/retradycja.eu\/pl\/tradycja-caly-rok\/slowodaje\/#primaryimage\"},\"thumbnailUrl\":\"https:\/\/retradycja.eu\/wp-content\/uploads\/2021\/11\/opowiadacze_hd.jpg\",\"datePublished\":\"2021-11-16T10:30:30+00:00\",\"dateModified\":\"2023-11-09T11:52:21+00:00\",\"description\":\"Spotkania Opowiadaczy S\u0142owodaj\u0119 ponownie zapraszaj\u0105 do wsp\u00f3lnego sp\u0119dzania czasu.\",\"breadcrumb\":{\"@id\":\"https:\/\/retradycja.eu\/pl\/tradycja-caly-rok\/slowodaje\/#breadcrumb\"},\"inLanguage\":\"pl-PL\",\"potentialAction\":[{\"@type\":\"ReadAction\",\"target\":[\"https:\/\/retradycja.eu\/pl\/tradycja-caly-rok\/slowodaje\/\"]}]},{\"@type\":\"ImageObject\",\"inLanguage\":\"pl-PL\",\"@id\":\"https:\/\/retradycja.eu\/pl\/tradycja-caly-rok\/slowodaje\/#primaryimage\",\"url\":\"https:\/\/retradycja.eu\/wp-content\/uploads\/2021\/11\/opowiadacze_hd.jpg\",\"contentUrl\":\"https:\/\/retradycja.eu\/wp-content\/uploads\/2021\/11\/opowiadacze_hd.jpg\",\"width\":1920,\"height\":1080,\"caption\":\"M\u0119\u017cczyzna w stroju kosmonauty z mikrofonem w r\u0119ce.\"},{\"@type\":\"BreadcrumbList\",\"@id\":\"https:\/\/retradycja.eu\/pl\/tradycja-caly-rok\/slowodaje\/#breadcrumb\",\"itemListElement\":[{\"@type\":\"ListItem\",\"position\":1,\"name\":\"Strona g\u0142\u00f3wna\",\"item\":\"https:\/\/retradycja.eu\/pl\/\"},{\"@type\":\"ListItem\",\"position\":2,\"name\":\"Nasze Projekty\",\"item\":\"https:\/\/retradycja.eu\/pl\/tradycja-caly-rok\/\"},{\"@type\":\"ListItem\",\"position\":3,\"name\":\"Spotkania Opowiadaczy S\u0142owodaj\u0119\"}]},{\"@type\":\"WebSite\",\"@id\":\"https:\/\/retradycja.eu\/pl\/#website\",\"url\":\"https:\/\/retradycja.eu\/pl\/\",\"name\":\"Festiwal Re:tradycja - Jarmark Jagiello\u0144ski\",\"description\":\" Lublin, Stare Miasto\",\"publisher\":{\"@id\":\"https:\/\/retradycja.eu\/pl\/#organization\"},\"potentialAction\":[{\"@type\":\"SearchAction\",\"target\":{\"@type\":\"EntryPoint\",\"urlTemplate\":\"https:\/\/retradycja.eu\/pl\/?s={search_term_string}\"},\"query-input\":\"required name=search_term_string\"}],\"inLanguage\":\"pl-PL\"},{\"@type\":\"Organization\",\"@id\":\"https:\/\/retradycja.eu\/pl\/#organization\",\"name\":\"Warsztaty Kultury w Lublinie\",\"url\":\"https:\/\/retradycja.eu\/pl\/\",\"logo\":{\"@type\":\"ImageObject\",\"inLanguage\":\"pl-PL\",\"@id\":\"https:\/\/retradycja.eu\/pl\/#\/schema\/logo\/image\/\",\"url\":\"https:\/\/retradycja.eu\/wp-content\/uploads\/2022\/06\/logo_retradycje-01.png\",\"contentUrl\":\"https:\/\/retradycja.eu\/wp-content\/uploads\/2022\/06\/logo_retradycje-01.png\",\"width\":332,\"height\":63,\"caption\":\"Warsztaty Kultury w Lublinie\"},\"image\":{\"@id\":\"https:\/\/retradycja.eu\/pl\/#\/schema\/logo\/image\/\"},\"sameAs\":[\"https:\/\/www.facebook.com\/retradycja\",\"https:\/\/www.instagram.com\/retradycja_jarmarkjagiellonski\/\",\"https:\/\/www.youtube.com\/user\/JarmarkJagiellonski\"]}]}<\/script>\n<!-- \/ Yoast SEO plugin. -->","yoast_head_json":{"title":"Spotkania Opowiadaczy S\u0142owodaj\u0119","description":"Spotkania Opowiadaczy S\u0142owodaj\u0119 ponownie zapraszaj\u0105 do wsp\u00f3lnego sp\u0119dzania czasu.","robots":{"index":"index","follow":"follow","max-snippet":"max-snippet:-1","max-image-preview":"max-image-preview:large","max-video-preview":"max-video-preview:-1"},"canonical":"https:\/\/retradycja.eu\/pl\/tradycja-caly-rok\/slowodaje\/","og_locale":"pl_PL","og_type":"article","og_title":"Spotkania Opowiadaczy S\u0142owodaj\u0119","og_description":"Spotkania Opowiadaczy S\u0142owodaj\u0119 ponownie zapraszaj\u0105 do wsp\u00f3lnego sp\u0119dzania czasu.","og_url":"https:\/\/retradycja.eu\/pl\/tradycja-caly-rok\/slowodaje\/","og_site_name":"Festiwal Re:tradycja - Jarmark Jagiello\u0144ski","article_publisher":"https:\/\/www.facebook.com\/retradycja","article_modified_time":"2023-11-09T11:52:21+00:00","og_image":[{"width":1920,"height":1080,"url":"https:\/\/retradycja.eu\/wp-content\/uploads\/2021\/11\/opowiadacze_hd.jpg","type":"image\/jpeg"}],"twitter_card":"summary_large_image","twitter_misc":{"Szacowany czas czytania":"3 minuty"},"schema":{"@context":"https:\/\/schema.org","@graph":[{"@type":"WebPage","@id":"https:\/\/retradycja.eu\/pl\/tradycja-caly-rok\/slowodaje\/","url":"https:\/\/retradycja.eu\/pl\/tradycja-caly-rok\/slowodaje\/","name":"Spotkania Opowiadaczy S\u0142owodaj\u0119","isPartOf":{"@id":"https:\/\/retradycja.eu\/pl\/#website"},"primaryImageOfPage":{"@id":"https:\/\/retradycja.eu\/pl\/tradycja-caly-rok\/slowodaje\/#primaryimage"},"image":{"@id":"https:\/\/retradycja.eu\/pl\/tradycja-caly-rok\/slowodaje\/#primaryimage"},"thumbnailUrl":"https:\/\/retradycja.eu\/wp-content\/uploads\/2021\/11\/opowiadacze_hd.jpg","datePublished":"2021-11-16T10:30:30+00:00","dateModified":"2023-11-09T11:52:21+00:00","description":"Spotkania Opowiadaczy S\u0142owodaj\u0119 ponownie zapraszaj\u0105 do wsp\u00f3lnego sp\u0119dzania czasu.","breadcrumb":{"@id":"https:\/\/retradycja.eu\/pl\/tradycja-caly-rok\/slowodaje\/#breadcrumb"},"inLanguage":"pl-PL","potentialAction":[{"@type":"ReadAction","target":["https:\/\/retradycja.eu\/pl\/tradycja-caly-rok\/slowodaje\/"]}]},{"@type":"ImageObject","inLanguage":"pl-PL","@id":"https:\/\/retradycja.eu\/pl\/tradycja-caly-rok\/slowodaje\/#primaryimage","url":"https:\/\/retradycja.eu\/wp-content\/uploads\/2021\/11\/opowiadacze_hd.jpg","contentUrl":"https:\/\/retradycja.eu\/wp-content\/uploads\/2021\/11\/opowiadacze_hd.jpg","width":1920,"height":1080,"caption":"M\u0119\u017cczyzna w stroju kosmonauty z mikrofonem w r\u0119ce."},{"@type":"BreadcrumbList","@id":"https:\/\/retradycja.eu\/pl\/tradycja-caly-rok\/slowodaje\/#breadcrumb","itemListElement":[{"@type":"ListItem","position":1,"name":"Strona g\u0142\u00f3wna","item":"https:\/\/retradycja.eu\/pl\/"},{"@type":"ListItem","position":2,"name":"Nasze Projekty","item":"https:\/\/retradycja.eu\/pl\/tradycja-caly-rok\/"},{"@type":"ListItem","position":3,"name":"Spotkania Opowiadaczy S\u0142owodaj\u0119"}]},{"@type":"WebSite","@id":"https:\/\/retradycja.eu\/pl\/#website","url":"https:\/\/retradycja.eu\/pl\/","name":"Festiwal Re:tradycja - Jarmark Jagiello\u0144ski","description":" Lublin, Stare Miasto","publisher":{"@id":"https:\/\/retradycja.eu\/pl\/#organization"},"potentialAction":[{"@type":"SearchAction","target":{"@type":"EntryPoint","urlTemplate":"https:\/\/retradycja.eu\/pl\/?s={search_term_string}"},"query-input":"required name=search_term_string"}],"inLanguage":"pl-PL"},{"@type":"Organization","@id":"https:\/\/retradycja.eu\/pl\/#organization","name":"Warsztaty Kultury w Lublinie","url":"https:\/\/retradycja.eu\/pl\/","logo":{"@type":"ImageObject","inLanguage":"pl-PL","@id":"https:\/\/retradycja.eu\/pl\/#\/schema\/logo\/image\/","url":"https:\/\/retradycja.eu\/wp-content\/uploads\/2022\/06\/logo_retradycje-01.png","contentUrl":"https:\/\/retradycja.eu\/wp-content\/uploads\/2022\/06\/logo_retradycje-01.png","width":332,"height":63,"caption":"Warsztaty Kultury w Lublinie"},"image":{"@id":"https:\/\/retradycja.eu\/pl\/#\/schema\/logo\/image\/"},"sameAs":["https:\/\/www.facebook.com\/retradycja","https:\/\/www.instagram.com\/retradycja_jarmarkjagiellonski\/","https:\/\/www.youtube.com\/user\/JarmarkJagiellonski"]}]}},"_links":{"self":[{"href":"https:\/\/retradycja.eu\/pl\/wp-json\/wp\/v2\/pages\/41711"}],"collection":[{"href":"https:\/\/retradycja.eu\/pl\/wp-json\/wp\/v2\/pages"}],"about":[{"href":"https:\/\/retradycja.eu\/pl\/wp-json\/wp\/v2\/types\/page"}],"author":[{"embeddable":true,"href":"https:\/\/retradycja.eu\/pl\/wp-json\/wp\/v2\/users\/5"}],"replies":[{"embeddable":true,"href":"https:\/\/retradycja.eu\/pl\/wp-json\/wp\/v2\/comments?post=41711"}],"version-history":[{"count":8,"href":"https:\/\/retradycja.eu\/pl\/wp-json\/wp\/v2\/pages\/41711\/revisions"}],"predecessor-version":[{"id":53414,"href":"https:\/\/retradycja.eu\/pl\/wp-json\/wp\/v2\/pages\/41711\/revisions\/53414"}],"up":[{"embeddable":true,"href":"https:\/\/retradycja.eu\/pl\/wp-json\/wp\/v2\/pages\/31499"}],"wp:featuredmedia":[{"embeddable":true,"href":"https:\/\/retradycja.eu\/pl\/wp-json\/wp\/v2\/media\/41704"}],"wp:attachment":[{"href":"https:\/\/retradycja.eu\/pl\/wp-json\/wp\/v2\/media?parent=41711"}],"curies":[{"name":"wp","href":"https:\/\/api.w.org\/{rel}","templated":true}]}}