{"id":39606,"date":"2021-03-10T14:10:04","date_gmt":"2021-03-10T13:10:04","guid":{"rendered":"https:\/\/retradycja.eu\/?page_id=39606"},"modified":"2023-10-09T15:41:11","modified_gmt":"2023-10-09T13:41:11","slug":"mala-orkiestra-jarmarku-jagiellonskiego","status":"publish","type":"page","link":"https:\/\/retradycja.eu\/pl\/mala-orkiestra-jarmarku-jagiellonskiego\/","title":{"rendered":"Ma\u0142a Orkiestra Jarmarku Jagiello\u0144skiego"},"content":{"rendered":"<p><div class=\"fusion-fullwidth fullwidth-box fusion-builder-row-1 fusion-flex-container nonhundred-percent-fullwidth non-hundred-percent-height-scrolling\" style=\"--awb-border-radius-top-left:0px;--awb-border-radius-top-right:0px;--awb-border-radius-bottom-right:0px;--awb-border-radius-bottom-left:0px;--awb-margin-top:2%;--awb-background-color:#ffffff;--awb-flex-wrap:wrap;\" ><div class=\"fusion-builder-row fusion-row fusion-flex-align-items-flex-start fusion-flex-content-wrap\" style=\"max-width:calc( 1920px + 0px );margin-left: calc(-0px \/ 2 );margin-right: calc(-0px \/ 2 );\"><div class=\"fusion-layout-column fusion_builder_column fusion-builder-column-0 fusion_builder_column_1_1 1_1 fusion-flex-column\" style=\"--awb-padding-left:8%;--awb-bg-size:cover;--awb-width-large:100%;--awb-margin-top-large:0px;--awb-spacing-right-large:0px;--awb-margin-bottom-large:20px;--awb-spacing-left-large:0px;--awb-width-medium:100%;--awb-spacing-right-medium:0px;--awb-spacing-left-medium:0px;--awb-width-small:100%;--awb-spacing-right-small:0px;--awb-spacing-left-small:0px;\"><div class=\"fusion-column-wrapper fusion-column-has-shadow fusion-flex-justify-content-flex-start fusion-content-layout-column\"><div class=\"fusion-text fusion-text-1\"><h1><span class=\"czarny_tekst\">Ma\u0142a Orkiestra Jarmarku Jagiello\u0144skiego<\/span><\/h1>\n<\/div><\/div><\/div><\/div><\/div><div class=\"fusion-fullwidth fullwidth-box fusion-builder-row-2 fusion-flex-container nonhundred-percent-fullwidth non-hundred-percent-height-scrolling\" style=\"--awb-border-radius-top-left:0px;--awb-border-radius-top-right:0px;--awb-border-radius-bottom-right:0px;--awb-border-radius-bottom-left:0px;--awb-padding-right:8%;--awb-padding-left:8%;--awb-margin-top:2%;--awb-flex-wrap:wrap;\" ><div class=\"fusion-builder-row fusion-row fusion-flex-align-items-flex-start fusion-flex-content-wrap\" style=\"max-width:1996.8px;margin-left: calc(-4% \/ 2 );margin-right: calc(-4% \/ 2 );\"><div class=\"fusion-layout-column fusion_builder_column fusion-builder-column-1 fusion_builder_column_1_3 1_3 fusion-flex-column\" style=\"--awb-bg-size:cover;--awb-width-large:33.333333333333%;--awb-margin-top-large:0px;--awb-spacing-right-large:5.76%;--awb-margin-bottom-large:20px;--awb-spacing-left-large:5.76%;--awb-width-medium:33.333333333333%;--awb-order-medium:0;--awb-spacing-right-medium:5.76%;--awb-spacing-left-medium:5.76%;--awb-width-small:100%;--awb-order-small:0;--awb-spacing-right-small:1.92%;--awb-spacing-left-small:1.92%;\"><div class=\"fusion-column-wrapper fusion-column-has-shadow fusion-flex-justify-content-flex-start fusion-content-layout-column\"><div class=\"fusion-image-element \" style=\"--awb-caption-title-font-family:var(--h2_typography-font-family);--awb-caption-title-font-weight:var(--h2_typography-font-weight);--awb-caption-title-font-style:var(--h2_typography-font-style);--awb-caption-title-size:var(--h2_typography-font-size);--awb-caption-title-transform:var(--h2_typography-text-transform);--awb-caption-title-line-height:var(--h2_typography-line-height);--awb-caption-title-letter-spacing:var(--h2_typography-letter-spacing);\"><span class=\" fusion-imageframe imageframe-none imageframe-1 hover-type-none\"><img decoding=\"async\" width=\"1024\" height=\"533\" alt=\"Ma\u0142a orkiestra napis Na pierwszym planie logo Ma\u0142ej Orkiestry Jarmarku Jagiello\u0144skiego, nawi\u0105zuj\u0105ce do kszta\u0142tu b\u0119benka obr\u0119czowego. W tle grupa dzieci bawi\u0105cych si\u0119 do gry kapeli tradycyjnej.\" title=\"orkiestra-fb-wyd\" src=\"https:\/\/retradycja.eu\/wp-content\/uploads\/2020\/10\/orkiestra-fb-wyd.jpg\" data-orig-src=\"https:\/\/retradycja.eu\/wp-content\/uploads\/2020\/10\/orkiestra-fb-wyd-1024x533.jpg\" class=\"lazyload img-responsive wp-image-36237\" srcset=\"data:image\/svg+xml,%3Csvg%20xmlns%3D%27http%3A%2F%2Fwww.w3.org%2F2000%2Fsvg%27%20width%3D%271200%27%20height%3D%27625%27%20viewBox%3D%270%200%201200%20625%27%3E%3Crect%20width%3D%271200%27%20height%3D%27625%27%20fill-opacity%3D%220%22%2F%3E%3C%2Fsvg%3E\" data-srcset=\"https:\/\/retradycja.eu\/wp-content\/uploads\/2020\/10\/orkiestra-fb-wyd-200x104.jpg 200w, https:\/\/retradycja.eu\/wp-content\/uploads\/2020\/10\/orkiestra-fb-wyd-400x208.jpg 400w, https:\/\/retradycja.eu\/wp-content\/uploads\/2020\/10\/orkiestra-fb-wyd-600x313.jpg 600w, https:\/\/retradycja.eu\/wp-content\/uploads\/2020\/10\/orkiestra-fb-wyd-800x417.jpg 800w, https:\/\/retradycja.eu\/wp-content\/uploads\/2020\/10\/orkiestra-fb-wyd.jpg 1200w\" data-sizes=\"auto\" data-orig-sizes=\"(max-width: 640px) 100vw, 600px\" \/><\/span><\/div><\/div><\/div><div class=\"fusion-layout-column fusion_builder_column fusion-builder-column-2 fusion_builder_column_2_3 2_3 fusion-flex-column\" style=\"--awb-bg-size:cover;--awb-width-large:66.666666666667%;--awb-margin-top-large:0px;--awb-spacing-right-large:2.88%;--awb-margin-bottom-large:20px;--awb-spacing-left-large:2.88%;--awb-width-medium:66.666666666667%;--awb-order-medium:0;--awb-spacing-right-medium:2.88%;--awb-spacing-left-medium:2.88%;--awb-width-small:100%;--awb-order-small:0;--awb-spacing-right-small:1.92%;--awb-spacing-left-small:1.92%;\"><div class=\"fusion-column-wrapper fusion-column-has-shadow fusion-flex-justify-content-flex-start fusion-content-layout-column\"><div class=\"fusion-text fusion-text-2\"><div class=\"fusion-text fusion-text-1\">\n<p><strong>Ma\u0142a Orkiestra Jarmarku Jagiello\u0144skiego to grupa najm\u0142odszych wielbicieli muzyki, kt\u00f3rzy pod kierunkiem do\u015bwiadczonego prowadz\u0105cego poznaj\u0105 i wykonuj\u0105 tradycyjne melodie pochodz\u0105ce z Lubelszczyzny. Odbywaj\u0105ce si\u0119 przez ca\u0142y rok wsp\u00f3lne pr\u00f3by przygotowuj\u0105 uczestnik\u00f3w do prezentacji podczas sierpniowego festiwalu.<\/strong><\/p>\n<\/div>\n<\/div><div class=\"fusion-text fusion-text-3\"><div class=\"fusion-text fusion-text-1\">\n<p class=\"western\">Ka\u017cdy, kto cho\u0107 raz odwiedzi\u0142 Jarmark Jagiello\u0144ski wie, jak wiele energii i rado\u015bci p\u0142ynie z muzyki tradycyjnej. Wi\u0105\u017c\u0105 si\u0119 z ni\u0105 wsp\u00f3lne granie, sp\u0119dzanie czasu, nawi\u0105zywanie znajomo\u015bci i dobra zabawa. Chc\u0105c zaszczepia\u0107 w najm\u0142odszych pasj\u0119 poznawania i kontynuowania tradycji muzycznych naszego regionu, stworzyli\u015bmy Ma\u0142\u0105 Orkiestr\u0119 Jarmarku Jagiello\u0144skiego. W 2019 r. jej pierwsz\u0105 ods\u0142on\u0105 kierowa\u0142 Maciej Filipczuk. Od 2020 r. prowadz\u0105cym by\u0142 Przemys\u0142aw \u0141ozowski.<\/p>\n<\/div>\n<div class=\"fusion-text fusion-text-2 description_scrollbar custom_scrollbar_0 mCustomScrollbar _mCS_4 mCS_no_scrollbar\">\n<div id=\"mCSB_4\" class=\"mCustomScrollBox mCS-light mCSB_vertical mCSB_outside\" tabindex=\"0\">\n<div id=\"mCSB_4_container\" class=\"mCSB_container mCS_y_hidden mCS_no_scrollbar_y\" dir=\"ltr\">\n<p>Projekt skierowany jest do dzieci w wieku 10+, posiadaj\u0105cych w\u0142asny instrument i podstawowe umiej\u0119tno\u015bci gry. Najm\u0142odsi poznaj\u0105 zar\u00f3wno repertuar taneczny (polki, oberki, podr\u00f3\u017cniaki), jak i obrz\u0119dowy (kol\u0119dy, pastora\u0142ki) oraz folklor dzieci\u0119cy (dawne zabawy i pie\u015bni). Dzi\u0119ki metodzie nauki gry ze s\u0142uchu, przybli\u017caj\u0105 si\u0119 do reali\u00f3w, w kt\u00f3rych niegdy\u015b z pokolenia na pokolenie, od mistrza do ucznia, przekazywana by\u0142a tradycja muzyczna. Pr\u00f3by Orkiestry to dla dzieci tak\u017ce okazja do rozwijania wra\u017cliwo\u015bci muzycznej i budowania zwyczaju powszechnego muzykowania.<\/p>\n<\/p>\n<\/div>\n<\/div>\n<\/div>\n<\/div><\/div><\/div><\/div><\/div><\/p>\n","protected":false},"excerpt":{"rendered":"","protected":false},"author":1,"featured_media":0,"parent":0,"menu_order":0,"comment_status":"closed","ping_status":"closed","template":"","meta":{"_acf_changed":false,"ngg_post_thumbnail":0,"footnotes":""},"acf":[],"yoast_head":"<!-- This site is optimized with the Yoast SEO plugin v22.2 - https:\/\/yoast.com\/wordpress\/plugins\/seo\/ -->\n<title>Ma\u0142a Orkiestra Jarmarku Jagiello\u0144skiego - Festiwal Re:tradycja - Jarmark Jagiello\u0144ski<\/title>\n<meta name=\"robots\" content=\"index, follow, max-snippet:-1, max-image-preview:large, max-video-preview:-1\" \/>\n<link rel=\"canonical\" href=\"https:\/\/retradycja.eu\/pl\/mala-orkiestra-jarmarku-jagiellonskiego\/\" \/>\n<meta property=\"og:locale\" content=\"pl_PL\" \/>\n<meta property=\"og:type\" content=\"article\" \/>\n<meta property=\"og:title\" content=\"Ma\u0142a Orkiestra Jarmarku Jagiello\u0144skiego - Festiwal Re:tradycja - Jarmark Jagiello\u0144ski\" \/>\n<meta property=\"og:url\" content=\"https:\/\/retradycja.eu\/pl\/mala-orkiestra-jarmarku-jagiellonskiego\/\" \/>\n<meta property=\"og:site_name\" content=\"Festiwal Re:tradycja - Jarmark Jagiello\u0144ski\" \/>\n<meta property=\"article:publisher\" content=\"https:\/\/www.facebook.com\/retradycja\" \/>\n<meta property=\"article:modified_time\" content=\"2023-10-09T13:41:11+00:00\" \/>\n<meta name=\"twitter:card\" content=\"summary_large_image\" \/>\n<meta name=\"twitter:label1\" content=\"Szacowany czas czytania\" \/>\n\t<meta name=\"twitter:data1\" content=\"5 minut\" \/>\n<script type=\"application\/ld+json\" class=\"yoast-schema-graph\">{\"@context\":\"https:\/\/schema.org\",\"@graph\":[{\"@type\":\"WebPage\",\"@id\":\"https:\/\/retradycja.eu\/pl\/mala-orkiestra-jarmarku-jagiellonskiego\/\",\"url\":\"https:\/\/retradycja.eu\/pl\/mala-orkiestra-jarmarku-jagiellonskiego\/\",\"name\":\"Ma\u0142a Orkiestra Jarmarku Jagiello\u0144skiego - Festiwal Re:tradycja - Jarmark Jagiello\u0144ski\",\"isPartOf\":{\"@id\":\"https:\/\/retradycja.eu\/pl\/#website\"},\"datePublished\":\"2021-03-10T13:10:04+00:00\",\"dateModified\":\"2023-10-09T13:41:11+00:00\",\"breadcrumb\":{\"@id\":\"https:\/\/retradycja.eu\/pl\/mala-orkiestra-jarmarku-jagiellonskiego\/#breadcrumb\"},\"inLanguage\":\"pl-PL\",\"potentialAction\":[{\"@type\":\"ReadAction\",\"target\":[\"https:\/\/retradycja.eu\/pl\/mala-orkiestra-jarmarku-jagiellonskiego\/\"]}]},{\"@type\":\"BreadcrumbList\",\"@id\":\"https:\/\/retradycja.eu\/pl\/mala-orkiestra-jarmarku-jagiellonskiego\/#breadcrumb\",\"itemListElement\":[{\"@type\":\"ListItem\",\"position\":1,\"name\":\"Strona g\u0142\u00f3wna\",\"item\":\"https:\/\/retradycja.eu\/pl\/\"},{\"@type\":\"ListItem\",\"position\":2,\"name\":\"Ma\u0142a Orkiestra Jarmarku Jagiello\u0144skiego\"}]},{\"@type\":\"WebSite\",\"@id\":\"https:\/\/retradycja.eu\/pl\/#website\",\"url\":\"https:\/\/retradycja.eu\/pl\/\",\"name\":\"Festiwal Re:tradycja - Jarmark Jagiello\u0144ski\",\"description\":\" Lublin, Stare Miasto\",\"publisher\":{\"@id\":\"https:\/\/retradycja.eu\/pl\/#organization\"},\"potentialAction\":[{\"@type\":\"SearchAction\",\"target\":{\"@type\":\"EntryPoint\",\"urlTemplate\":\"https:\/\/retradycja.eu\/pl\/?s={search_term_string}\"},\"query-input\":\"required name=search_term_string\"}],\"inLanguage\":\"pl-PL\"},{\"@type\":\"Organization\",\"@id\":\"https:\/\/retradycja.eu\/pl\/#organization\",\"name\":\"Warsztaty Kultury w Lublinie\",\"url\":\"https:\/\/retradycja.eu\/pl\/\",\"logo\":{\"@type\":\"ImageObject\",\"inLanguage\":\"pl-PL\",\"@id\":\"https:\/\/retradycja.eu\/pl\/#\/schema\/logo\/image\/\",\"url\":\"https:\/\/retradycja.eu\/wp-content\/uploads\/2022\/06\/logo_retradycje-01.png\",\"contentUrl\":\"https:\/\/retradycja.eu\/wp-content\/uploads\/2022\/06\/logo_retradycje-01.png\",\"width\":332,\"height\":63,\"caption\":\"Warsztaty Kultury w Lublinie\"},\"image\":{\"@id\":\"https:\/\/retradycja.eu\/pl\/#\/schema\/logo\/image\/\"},\"sameAs\":[\"https:\/\/www.facebook.com\/retradycja\",\"https:\/\/www.instagram.com\/retradycja_jarmarkjagiellonski\/\",\"https:\/\/www.youtube.com\/user\/JarmarkJagiellonski\"]}]}<\/script>\n<!-- \/ Yoast SEO plugin. -->","yoast_head_json":{"title":"Ma\u0142a Orkiestra Jarmarku Jagiello\u0144skiego - Festiwal Re:tradycja - Jarmark Jagiello\u0144ski","robots":{"index":"index","follow":"follow","max-snippet":"max-snippet:-1","max-image-preview":"max-image-preview:large","max-video-preview":"max-video-preview:-1"},"canonical":"https:\/\/retradycja.eu\/pl\/mala-orkiestra-jarmarku-jagiellonskiego\/","og_locale":"pl_PL","og_type":"article","og_title":"Ma\u0142a Orkiestra Jarmarku Jagiello\u0144skiego - Festiwal Re:tradycja - Jarmark Jagiello\u0144ski","og_url":"https:\/\/retradycja.eu\/pl\/mala-orkiestra-jarmarku-jagiellonskiego\/","og_site_name":"Festiwal Re:tradycja - Jarmark Jagiello\u0144ski","article_publisher":"https:\/\/www.facebook.com\/retradycja","article_modified_time":"2023-10-09T13:41:11+00:00","twitter_card":"summary_large_image","twitter_misc":{"Szacowany czas czytania":"5 minut"},"schema":{"@context":"https:\/\/schema.org","@graph":[{"@type":"WebPage","@id":"https:\/\/retradycja.eu\/pl\/mala-orkiestra-jarmarku-jagiellonskiego\/","url":"https:\/\/retradycja.eu\/pl\/mala-orkiestra-jarmarku-jagiellonskiego\/","name":"Ma\u0142a Orkiestra Jarmarku Jagiello\u0144skiego - Festiwal Re:tradycja - Jarmark Jagiello\u0144ski","isPartOf":{"@id":"https:\/\/retradycja.eu\/pl\/#website"},"datePublished":"2021-03-10T13:10:04+00:00","dateModified":"2023-10-09T13:41:11+00:00","breadcrumb":{"@id":"https:\/\/retradycja.eu\/pl\/mala-orkiestra-jarmarku-jagiellonskiego\/#breadcrumb"},"inLanguage":"pl-PL","potentialAction":[{"@type":"ReadAction","target":["https:\/\/retradycja.eu\/pl\/mala-orkiestra-jarmarku-jagiellonskiego\/"]}]},{"@type":"BreadcrumbList","@id":"https:\/\/retradycja.eu\/pl\/mala-orkiestra-jarmarku-jagiellonskiego\/#breadcrumb","itemListElement":[{"@type":"ListItem","position":1,"name":"Strona g\u0142\u00f3wna","item":"https:\/\/retradycja.eu\/pl\/"},{"@type":"ListItem","position":2,"name":"Ma\u0142a Orkiestra Jarmarku Jagiello\u0144skiego"}]},{"@type":"WebSite","@id":"https:\/\/retradycja.eu\/pl\/#website","url":"https:\/\/retradycja.eu\/pl\/","name":"Festiwal Re:tradycja - Jarmark Jagiello\u0144ski","description":" Lublin, Stare Miasto","publisher":{"@id":"https:\/\/retradycja.eu\/pl\/#organization"},"potentialAction":[{"@type":"SearchAction","target":{"@type":"EntryPoint","urlTemplate":"https:\/\/retradycja.eu\/pl\/?s={search_term_string}"},"query-input":"required name=search_term_string"}],"inLanguage":"pl-PL"},{"@type":"Organization","@id":"https:\/\/retradycja.eu\/pl\/#organization","name":"Warsztaty Kultury w Lublinie","url":"https:\/\/retradycja.eu\/pl\/","logo":{"@type":"ImageObject","inLanguage":"pl-PL","@id":"https:\/\/retradycja.eu\/pl\/#\/schema\/logo\/image\/","url":"https:\/\/retradycja.eu\/wp-content\/uploads\/2022\/06\/logo_retradycje-01.png","contentUrl":"https:\/\/retradycja.eu\/wp-content\/uploads\/2022\/06\/logo_retradycje-01.png","width":332,"height":63,"caption":"Warsztaty Kultury w Lublinie"},"image":{"@id":"https:\/\/retradycja.eu\/pl\/#\/schema\/logo\/image\/"},"sameAs":["https:\/\/www.facebook.com\/retradycja","https:\/\/www.instagram.com\/retradycja_jarmarkjagiellonski\/","https:\/\/www.youtube.com\/user\/JarmarkJagiellonski"]}]}},"_links":{"self":[{"href":"https:\/\/retradycja.eu\/pl\/wp-json\/wp\/v2\/pages\/39606"}],"collection":[{"href":"https:\/\/retradycja.eu\/pl\/wp-json\/wp\/v2\/pages"}],"about":[{"href":"https:\/\/retradycja.eu\/pl\/wp-json\/wp\/v2\/types\/page"}],"author":[{"embeddable":true,"href":"https:\/\/retradycja.eu\/pl\/wp-json\/wp\/v2\/users\/1"}],"replies":[{"embeddable":true,"href":"https:\/\/retradycja.eu\/pl\/wp-json\/wp\/v2\/comments?post=39606"}],"version-history":[{"count":8,"href":"https:\/\/retradycja.eu\/pl\/wp-json\/wp\/v2\/pages\/39606\/revisions"}],"predecessor-version":[{"id":52814,"href":"https:\/\/retradycja.eu\/pl\/wp-json\/wp\/v2\/pages\/39606\/revisions\/52814"}],"wp:attachment":[{"href":"https:\/\/retradycja.eu\/pl\/wp-json\/wp\/v2\/media?parent=39606"}],"curies":[{"name":"wp","href":"https:\/\/api.w.org\/{rel}","templated":true}]}}