{"id":39586,"date":"2021-03-10T13:19:04","date_gmt":"2021-03-10T12:19:04","guid":{"rendered":"https:\/\/retradycja.eu\/?page_id=39586"},"modified":"2023-10-09T15:34:30","modified_gmt":"2023-10-09T13:34:30","slug":"orkiestra-jarmarku-jagiellonskiego","status":"publish","type":"page","link":"https:\/\/retradycja.eu\/pl\/orkiestra-jarmarku-jagiellonskiego\/","title":{"rendered":"Orkiestra Jarmarku Jagiello\u0144skiego"},"content":{"rendered":"<p><div class=\"fusion-fullwidth fullwidth-box fusion-builder-row-1 fusion-flex-container nonhundred-percent-fullwidth non-hundred-percent-height-scrolling\" style=\"--awb-border-radius-top-left:0px;--awb-border-radius-top-right:0px;--awb-border-radius-bottom-right:0px;--awb-border-radius-bottom-left:0px;--awb-margin-top:2%;--awb-background-color:#ffffff;--awb-flex-wrap:wrap;\" ><div class=\"fusion-builder-row fusion-row fusion-flex-align-items-flex-start fusion-flex-content-wrap\" style=\"max-width:calc( 1920px + 0px );margin-left: calc(-0px \/ 2 );margin-right: calc(-0px \/ 2 );\"><div class=\"fusion-layout-column fusion_builder_column fusion-builder-column-0 fusion_builder_column_1_1 1_1 fusion-flex-column\" style=\"--awb-padding-left:8%;--awb-bg-size:cover;--awb-width-large:100%;--awb-margin-top-large:0px;--awb-spacing-right-large:0px;--awb-margin-bottom-large:20px;--awb-spacing-left-large:0px;--awb-width-medium:100%;--awb-spacing-right-medium:0px;--awb-spacing-left-medium:0px;--awb-width-small:100%;--awb-spacing-right-small:0px;--awb-spacing-left-small:0px;\"><div class=\"fusion-column-wrapper fusion-column-has-shadow fusion-flex-justify-content-flex-start fusion-content-layout-column\"><div class=\"fusion-text fusion-text-1\"><h1><span class=\"czarny_tekst\">Orkiestra Jarmarku Jagiello\u0144skiego<\/span><\/h1>\n<\/div><\/div><\/div><\/div><\/div><div class=\"fusion-fullwidth fullwidth-box fusion-builder-row-2 fusion-flex-container nonhundred-percent-fullwidth non-hundred-percent-height-scrolling\" style=\"--awb-border-radius-top-left:0px;--awb-border-radius-top-right:0px;--awb-border-radius-bottom-right:0px;--awb-border-radius-bottom-left:0px;--awb-padding-right:8%;--awb-padding-left:8%;--awb-margin-top:2%;--awb-flex-wrap:wrap;\" ><div class=\"fusion-builder-row fusion-row fusion-flex-align-items-flex-start fusion-flex-content-wrap\" style=\"max-width:1996.8px;margin-left: calc(-4% \/ 2 );margin-right: calc(-4% \/ 2 );\"><div class=\"fusion-layout-column fusion_builder_column fusion-builder-column-1 fusion_builder_column_1_3 1_3 fusion-flex-column\" style=\"--awb-bg-size:cover;--awb-width-large:33.333333333333%;--awb-margin-top-large:0px;--awb-spacing-right-large:5.76%;--awb-margin-bottom-large:20px;--awb-spacing-left-large:5.76%;--awb-width-medium:33.333333333333%;--awb-order-medium:0;--awb-spacing-right-medium:5.76%;--awb-spacing-left-medium:5.76%;--awb-width-small:100%;--awb-order-small:0;--awb-spacing-right-small:1.92%;--awb-spacing-left-small:1.92%;\"><div class=\"fusion-column-wrapper fusion-column-has-shadow fusion-flex-justify-content-flex-start fusion-content-layout-column\"><div class=\"fusion-image-element \" style=\"--awb-caption-title-font-family:var(--h2_typography-font-family);--awb-caption-title-font-weight:var(--h2_typography-font-weight);--awb-caption-title-font-style:var(--h2_typography-font-style);--awb-caption-title-size:var(--h2_typography-font-size);--awb-caption-title-transform:var(--h2_typography-text-transform);--awb-caption-title-line-height:var(--h2_typography-line-height);--awb-caption-title-letter-spacing:var(--h2_typography-letter-spacing);\"><span class=\" fusion-imageframe imageframe-none imageframe-1 hover-type-none\"><img decoding=\"async\" width=\"800\" height=\"799\" alt=\"[Orkiestra Jarmarku Jagiello\u0144skiego - wyst\u0119p na Starym Mie\u015bcie.]\" title=\"WK_orkiestra_JJ_002-e1582870406464-800&#215;799\" src=\"https:\/\/retradycja.eu\/wp-content\/uploads\/2021\/03\/WK_orkiestra_JJ_002-e1582870406464-800x799-1.jpg\" data-orig-src=\"https:\/\/retradycja.eu\/wp-content\/uploads\/2021\/03\/WK_orkiestra_JJ_002-e1582870406464-800x799-1.jpg\" class=\"lazyload img-responsive wp-image-39594\" srcset=\"data:image\/svg+xml,%3Csvg%20xmlns%3D%27http%3A%2F%2Fwww.w3.org%2F2000%2Fsvg%27%20width%3D%27800%27%20height%3D%27799%27%20viewBox%3D%270%200%20800%20799%27%3E%3Crect%20width%3D%27800%27%20height%3D%27799%27%20fill-opacity%3D%220%22%2F%3E%3C%2Fsvg%3E\" data-srcset=\"https:\/\/retradycja.eu\/wp-content\/uploads\/2021\/03\/WK_orkiestra_JJ_002-e1582870406464-800x799-1-200x200.jpg 200w, https:\/\/retradycja.eu\/wp-content\/uploads\/2021\/03\/WK_orkiestra_JJ_002-e1582870406464-800x799-1-400x400.jpg 400w, https:\/\/retradycja.eu\/wp-content\/uploads\/2021\/03\/WK_orkiestra_JJ_002-e1582870406464-800x799-1-600x599.jpg 600w, https:\/\/retradycja.eu\/wp-content\/uploads\/2021\/03\/WK_orkiestra_JJ_002-e1582870406464-800x799-1.jpg 800w\" data-sizes=\"auto\" data-orig-sizes=\"(max-width: 640px) 100vw, 600px\" \/><\/span><\/div><\/div><\/div><div class=\"fusion-layout-column fusion_builder_column fusion-builder-column-2 fusion_builder_column_2_3 2_3 fusion-flex-column\" style=\"--awb-bg-size:cover;--awb-width-large:66.666666666667%;--awb-margin-top-large:0px;--awb-spacing-right-large:2.88%;--awb-margin-bottom-large:20px;--awb-spacing-left-large:2.88%;--awb-width-medium:66.666666666667%;--awb-order-medium:0;--awb-spacing-right-medium:2.88%;--awb-spacing-left-medium:2.88%;--awb-width-small:100%;--awb-order-small:0;--awb-spacing-right-small:1.92%;--awb-spacing-left-small:1.92%;\"><div class=\"fusion-column-wrapper fusion-column-has-shadow fusion-flex-justify-content-flex-start fusion-content-layout-column\"><div class=\"fusion-text fusion-text-2\"><p><b>Projekt edukacyjno-artystyczny zbudowany na przekonaniu, \u017ce tradycyjna muzyka taneczna to medium \u0142\u0105cz\u0105ce i tworz\u0105ce wsp\u00f3lnot\u0119 zar\u00f3wno wykonuj\u0105cych j\u0105 muzyk\u00f3w \u2013 amator\u00f3w oraz profesjonalist\u00f3w \u2013 jak i odbiorc\u00f3w, s\u0142uchaczy i tancerzy, bawi\u0105cych si\u0119 w jej rytmie podczas wielogodzinnych pota\u0144c\u00f3wek.<\/b><\/p>\n<\/div><div class=\"fusion-text fusion-text-3\"><p>Jest to zaproszenie do wsp\u00f3lnego muzykowania, skierowane do mi\u0142o\u015bnik\u00f3w muzyki tradycyjnej w jej formie niestylizowanej. S\u0142u\u017cy popularyzacji kultury tradycyjnej Lubelszczyzny i promowaniu idei uczenia si\u0119 stylu i repertuaru od wiejskich mistrz\u00f3w.<\/p>\n<p>Osoby pragn\u0105ce rozwija\u0107 swoj\u0105 muzykalno\u015b\u0107 i umiej\u0119tno\u015bci gry, poznaj\u0105 zar\u00f3wno bogaty repertuar zaczerpni\u0119ty z tradycji Lubelszczyzny, jak i kontekst kulturowy, kt\u00f3ry towarzyszy\u0142 jego wykonawstwu.<\/p>\n<p>Podsumowaniem ca\u0142orocznych prac Orkiestry jest granie do ta\u0144ca na wieczornych pota\u0144c\u00f3wkach w trakcie Festiwalu. Muzycy graj\u0105 w\u00f3wczas do ta\u0144ca melodie takie jak polki, oberki, podr\u00f3\u017cniaki, marsze, walce czy foxtroty pochodz\u0105ce z repertuaru kapel, orkiestr i muzykant\u00f3w z terenu Lubelszczyzny (m.in. Stanis\u0142awa G\u0142aza, Bronis\u0142awa Bidy, Kapeli Wojciechowskiej, Orkiestry D\u0119tej ze Zdzi\u0142owic, Kapeli Bednarzy z Tomaszowa Lubelskiego).<\/p>\n<p>Projekt mia\u0142 premierow\u0105 ods\u0142on\u0119 podczas Jarmarku Jagiello\u0144skiego w 2014 roku.<\/p>\n<p>Powsta\u0142 na bazie projekt\u00f3w edukacyjnych dedykowanych nauce styl\u00f3w wykonawczych w tradycyjnej muzyce instrumentalnej Lubelszczyzny, realizowanych w latach 2007-2013 przez Kapel\u0119 Braci Dziobak\u00f3w z Woli Destymflandzkiej (Ewa Grochowska, Krzysztof Butryn, Edyta Piekarczyk).<\/p>\n<p>Prowadzenie: Ewa Grochowska, Marcin Kowalczuk.<\/p>\n<p><strong>GDZIE:<\/strong> przestrzenie Warsztat\u00f3w Kultury w Lublinie, ul. Grodzka 5a i 7<\/p>\n<p><strong>KIEDY:<\/strong> zawsze w sierpniu przed i w trakcie Festiwalu Re:tradycja<\/p>\n<p><strong>WST\u0118P:<\/strong> udzia\u0142 w sesjach Orkiestry jest bezp\u0142atny, obowi\u0105zuj\u0105 zapisy, wi\u0119cej informacji wkr\u00f3tce<\/p>\n<\/div><div class=\"accordian fusion-accordian\" style=\"--awb-border-size:1px;--awb-icon-size:16px;--awb-content-font-size:0.9em;--awb-icon-alignment:left;--awb-hover-color:#f9f9fb;--awb-border-color:#e2e2e2;--awb-background-color:#ffffff;--awb-divider-color:#e2e2e2;--awb-divider-hover-color:#e2e2e2;--awb-icon-color:#ffffff;--awb-title-color:#75160f;--awb-content-color:#000000;--awb-icon-box-color:#212934;--awb-toggle-hover-accent-color:#000000;--awb-title-font-family:&quot;Raleway&quot;;--awb-title-font-weight:400;--awb-title-font-style:normal;--awb-content-font-family:&quot;Raleway&quot;;--awb-content-font-style:normal;--awb-content-font-weight:500;\"><div class=\"panel-group fusion-toggle-icon-boxed\" id=\"accordion-39586-1\"><div class=\"fusion-panel panel-default panel-78802cccee74eff01 fusion-toggle-has-divider\" style=\"--awb-title-color:#75160f;\"><div class=\"panel-heading\"><h4 class=\"panel-title toggle\" id=\"toggle_78802cccee74eff01\"><a aria-expanded=\"false\" aria-controls=\"78802cccee74eff01\" role=\"button\" data-toggle=\"collapse\" data-parent=\"#accordion-39586-1\" data-target=\"#78802cccee74eff01\" href=\"#78802cccee74eff01\"><span class=\"fusion-toggle-icon-wrapper\" aria-hidden=\"true\"><i class=\"fa-fusion-box active-icon awb-icon-minus\" aria-hidden=\"true\"><\/i><i class=\"fa-fusion-box inactive-icon awb-icon-plus\" aria-hidden=\"true\"><\/i><\/span><span class=\"fusion-toggle-heading\">Zesp\u00f3\u0142 Orkiestry tworz\u0105<\/span><\/a><\/h4><\/div><div id=\"78802cccee74eff01\" class=\"panel-collapse collapse \" aria-labelledby=\"toggle_78802cccee74eff01\"><div class=\"panel-body toggle-content fusion-clearfix\">\n<p>Podczas kilku lat dzia\u0142a\u0144 sesji warsztatowych powsta\u0142 sta\u0142y sk\u0142ad Orkiestry. Jest to grupa os\u00f3b, kt\u00f3ra pokocha\u0142a muzyk\u0119 tradycyjn\u0105, wsp\u00f3lne spotkania i granie do ta\u0144ca. Orkiestr\u0119 tworz\u0105 osoby w r\u00f3\u017cnym wieku, o r\u00f3\u017cnych do\u015bwiadczeniach muzycznych i edukacyjnych. Spotykamy zar\u00f3wno osoby wykszta\u0142cone w kierunku muzycznym, artystycznym, osoby kt\u00f3re uczy\u0142y si\u0119 gry ze s\u0142uchu i poprzez swoje wieloletnie spotkania z wiejskimi mistrzami wykonuj\u0105cymi muzyk\u0119 tradycyjn\u0105 mog\u0105 obecnie przekazywa\u0107 j\u0105 dalej, jak i osoby kt\u00f3re muzyk\u0119 tradycyjn\u0105 pozna\u0142y dzi\u0119ki spotkaniom Orkiestry.<\/p>\n<p>W repertuarze Orkiestry Jarmarku Jagiello\u0144skiego znajduj\u0105 si\u0119 polki, oberki, podr\u00f3\u017cniaki, marsze, walce, fokstroty i inne melodie, pochodz\u0105ce z nagra\u0144 archiwalnych, tradycji rodzinnych i nauki zar\u00f3wno od muzykant\u00f3w najstarszego pokolenia jak i orkiestr, kt\u00f3rych tradycje si\u0119gaj\u0105 pocz\u0105tku XX wieku. Jest to muzyka przekazywana z pokolenia na pokolenie, przez znane z imienia i nazwiska osoby.<\/p>\n<p>Orkiestr\u0119 Jarmarku Jagiello\u0144skiego aktualnie tworz\u0105<\/p>\n<p>Sebastien Beliah (klarnet), Maciej Filipczuk (skrzypce), Joanna Gli\u0144ska (skrzypce), Ewa Grochowska (skrzypce, \u015bpiew), Tomasz Graczyk (kontrabas), Magdalena Jakubowska (klarnet), Jakub Korona (baraban), Cecylia Korona (skrzypce), Marcin \u201eKabat\u201d Kowalczuk (puzon), Olga Kozie\u0142 (tr\u0105bka), Kamil Kr\u00f3lik (akordeon, klarnet), Eliasz Ku\u015bmierz (saksofon), Adam Mart (cymba\u0142y), Edyta Piekarczyk (tuba), Gra\u017cyna Pluta (flet poprzeczny), Ewelina Prokopiuk (saksofon), Milena Siczek (skrzypce), Julia Szafraniec (wiolonczela), Katarzyna Zedel (suka bi\u0142gorajska).<\/p>\n<p>Prowadzenie prac Orkiestry, wyb\u00f3r i opracowanie materia\u0142\u00f3w, aran\u017cacje:<\/p>\n<p><a href=\"https:\/\/retradycja.eu\/pl\/artysta\/ewa-grochowska\/\">Ewa Grochowska<\/a><\/p>\n<p><a href=\"https:\/\/retradycja.eu\/pl\/artysta\/marcin-kabat-kowalczuk\/\">Marcin \u201eKabat\u201d Kowalczuk&nbsp;<\/a><\/p>\n<p>Do stycznia 2022 roku w prowadzeniu prac Orkiestry uczestniczy\u0142 r\u00f3wnie\u017c <a href=\"https:\/\/retradycja.eu\/pl\/artysta\/maciej-filipczuk\/\">Maciej Filipczuk&nbsp;<\/a><\/p>\n<\/div><\/div><\/div><div class=\"fusion-panel panel-default panel-2c079e096c9e23388 fusion-toggle-has-divider\" style=\"--awb-title-color:#75160f;\"><div class=\"panel-heading\"><h4 class=\"panel-title toggle\" id=\"toggle_2c079e096c9e23388\"><a aria-expanded=\"false\" aria-controls=\"2c079e096c9e23388\" role=\"button\" data-toggle=\"collapse\" data-parent=\"#accordion-39586-1\" data-target=\"#2c079e096c9e23388\" href=\"#2c079e096c9e23388\"><span class=\"fusion-toggle-icon-wrapper\" aria-hidden=\"true\"><i class=\"fa-fusion-box active-icon awb-icon-minus\" aria-hidden=\"true\"><\/i><i class=\"fa-fusion-box inactive-icon awb-icon-plus\" aria-hidden=\"true\"><\/i><\/span><span class=\"fusion-toggle-heading\">Nagrali\u015bmy p\u0142yt\u0119!<\/span><\/a><\/h4><\/div><div id=\"2c079e096c9e23388\" class=\"panel-collapse collapse \" aria-labelledby=\"toggle_2c079e096c9e23388\"><div class=\"panel-body toggle-content fusion-clearfix\">\n<p><strong>\u201eSesja otwarta\u201d<\/strong><\/p>\n<p>Lubelszczyzna le\u017cy na szlaku w\u0119dr\u00f3wek ludzi wielu kultur i j\u0119zyk\u00f3w, kt\u00f3rzy zostawili tutaj swoje muzyczne \u015blady, obecne do dzisiaj w repertuarze \u015bpiewaczek i \u015bpiewak\u00f3w tradycyjnych regionu. To kraina archaicznego \u015bpiewu, unikalnych obrz\u0119d\u00f3w i finezyjnej muzyki instrumentalnej, poprzecinana siatk\u0105 niewidzialnych granic mi\u0119dzy religiami, tradycjami, dialektami, stylami i skalami muzycznymi, kt\u00f3re spotykaj\u0105 si\u0119 w charakterystycznych dla naszego regionu melodiach tanecznych i obrz\u0119dowych.\u201d<\/p>\n<p>\u2013 Ta p\u0142yta to co\u015b, co b\u0119dzie mog\u0142o Was przenie\u015b\u0107 w czasie i przestrzeni. Wyobra\u017acie sobie, \u017ce jest lipiec, ubieracie szykowny kapelusz i wybieracie si\u0119 na przeja\u017cd\u017ck\u0119 po Lubelszczy\u017anie. S\u0142uchacie przy tym przepi\u0119knej roztocza\u0144skiej (i nie tylko) muzyki \u2013 zach\u0119ca do rozmarzenia si\u0119 Ewa Grochowska, jedna z prowadz\u0105cych Orkiestr\u0119 Jarmarku Jagiello\u0144skiego.<\/p>\n<p>Tytu\u0142 p\u0142yty \u201eSesja otwarta\u201d, jak zaznacza Ewa Grochowska, nawi\u0105zuje do za\u0142o\u017cycielskiego marzenia Orkiestry, kt\u00f3ra jest otwarta na nowe \u017ar\u00f3d\u0142a, inspiracje i ludzi. Od 2014 roku, kiedy orkiestra pod obecn\u0105 nazw\u0105 po raz pierwszy zagra\u0142a na Jarmarku Jagiello\u0144skim w Lublinie, przez sk\u0142ad przewin\u0119\u0142o si\u0119 ponad 50 os\u00f3b. Z tej grupy na przestrzeni lat wy\u0142oni\u0142o si\u0119 sta\u0142e grono uczestnik\u00f3w projektu, kt\u00f3re do dzi\u015b prezentuje si\u0119 na scenach festiwalu.<\/p>\n<p>\u2013 Na p\u0142ycie znajduj\u0105 si\u0119 nasze najbardziej ulubione utwory taneczne, kt\u00f3re na pewno mogli\u015bcie us\u0142ysze\u0107 na pota\u0144c\u00f3wkach podczas Jarmarku Jagiello\u0144skiego. Zapraszam do ods\u0142uchania i do jak najlepszej zabawy przy \u201eSesji otwartej\u201d \u2013 m\u00f3wi Joanna Gli\u0144ska, skrzypaczka.<\/p>\n<p><a href=\"https:\/\/retradycja.eu\/pl\/sesja-otwarta-orkiestry-jarmarku-jagiellonskiego-juz-do-nabycia\/\">Wi\u0119cej informacji o p\u0142ycie<\/a><\/p>\n<p><a href=\"https:\/\/sklep.warsztatykultury.pl\/pl\/p\/Orkiestra-Jarmarku-Jagiellonskiego-Sesja-otwarta-CD-Audio-\/181\" target=\"_blank\" rel=\"noopener\">Kup p\u0142yt\u0119<\/a><\/p>\n<\/div><\/div><\/div><\/div><\/div><\/div><\/div><\/div><\/div><\/p>\n","protected":false},"excerpt":{"rendered":"","protected":false},"author":1,"featured_media":0,"parent":0,"menu_order":0,"comment_status":"closed","ping_status":"closed","template":"","meta":{"_acf_changed":false,"ngg_post_thumbnail":0,"footnotes":""},"acf":[],"yoast_head":"<!-- This site is optimized with the Yoast SEO plugin v22.2 - https:\/\/yoast.com\/wordpress\/plugins\/seo\/ -->\n<title>Orkiestra Jarmarku Jagiello\u0144skiego - Festiwal Re:tradycja - Jarmark Jagiello\u0144ski<\/title>\n<meta name=\"robots\" content=\"index, follow, max-snippet:-1, max-image-preview:large, max-video-preview:-1\" \/>\n<link rel=\"canonical\" href=\"https:\/\/retradycja.eu\/pl\/orkiestra-jarmarku-jagiellonskiego\/\" \/>\n<meta property=\"og:locale\" content=\"pl_PL\" \/>\n<meta property=\"og:type\" content=\"article\" \/>\n<meta property=\"og:title\" content=\"Orkiestra Jarmarku Jagiello\u0144skiego - Festiwal Re:tradycja - Jarmark Jagiello\u0144ski\" \/>\n<meta property=\"og:url\" content=\"https:\/\/retradycja.eu\/pl\/orkiestra-jarmarku-jagiellonskiego\/\" \/>\n<meta property=\"og:site_name\" content=\"Festiwal Re:tradycja - Jarmark Jagiello\u0144ski\" \/>\n<meta property=\"article:publisher\" content=\"https:\/\/www.facebook.com\/retradycja\" \/>\n<meta property=\"article:modified_time\" content=\"2023-10-09T13:34:30+00:00\" \/>\n<meta name=\"twitter:card\" content=\"summary_large_image\" \/>\n<meta name=\"twitter:label1\" content=\"Szacowany czas czytania\" \/>\n\t<meta name=\"twitter:data1\" content=\"9 minut\" \/>\n<script type=\"application\/ld+json\" class=\"yoast-schema-graph\">{\"@context\":\"https:\/\/schema.org\",\"@graph\":[{\"@type\":\"WebPage\",\"@id\":\"https:\/\/retradycja.eu\/pl\/orkiestra-jarmarku-jagiellonskiego\/\",\"url\":\"https:\/\/retradycja.eu\/pl\/orkiestra-jarmarku-jagiellonskiego\/\",\"name\":\"Orkiestra Jarmarku Jagiello\u0144skiego - Festiwal Re:tradycja - Jarmark Jagiello\u0144ski\",\"isPartOf\":{\"@id\":\"https:\/\/retradycja.eu\/pl\/#website\"},\"datePublished\":\"2021-03-10T12:19:04+00:00\",\"dateModified\":\"2023-10-09T13:34:30+00:00\",\"breadcrumb\":{\"@id\":\"https:\/\/retradycja.eu\/pl\/orkiestra-jarmarku-jagiellonskiego\/#breadcrumb\"},\"inLanguage\":\"pl-PL\",\"potentialAction\":[{\"@type\":\"ReadAction\",\"target\":[\"https:\/\/retradycja.eu\/pl\/orkiestra-jarmarku-jagiellonskiego\/\"]}]},{\"@type\":\"BreadcrumbList\",\"@id\":\"https:\/\/retradycja.eu\/pl\/orkiestra-jarmarku-jagiellonskiego\/#breadcrumb\",\"itemListElement\":[{\"@type\":\"ListItem\",\"position\":1,\"name\":\"Strona g\u0142\u00f3wna\",\"item\":\"https:\/\/retradycja.eu\/pl\/\"},{\"@type\":\"ListItem\",\"position\":2,\"name\":\"Orkiestra Jarmarku Jagiello\u0144skiego\"}]},{\"@type\":\"WebSite\",\"@id\":\"https:\/\/retradycja.eu\/pl\/#website\",\"url\":\"https:\/\/retradycja.eu\/pl\/\",\"name\":\"Festiwal Re:tradycja - Jarmark Jagiello\u0144ski\",\"description\":\" Lublin, Stare Miasto\",\"publisher\":{\"@id\":\"https:\/\/retradycja.eu\/pl\/#organization\"},\"potentialAction\":[{\"@type\":\"SearchAction\",\"target\":{\"@type\":\"EntryPoint\",\"urlTemplate\":\"https:\/\/retradycja.eu\/pl\/?s={search_term_string}\"},\"query-input\":\"required name=search_term_string\"}],\"inLanguage\":\"pl-PL\"},{\"@type\":\"Organization\",\"@id\":\"https:\/\/retradycja.eu\/pl\/#organization\",\"name\":\"Warsztaty Kultury w Lublinie\",\"url\":\"https:\/\/retradycja.eu\/pl\/\",\"logo\":{\"@type\":\"ImageObject\",\"inLanguage\":\"pl-PL\",\"@id\":\"https:\/\/retradycja.eu\/pl\/#\/schema\/logo\/image\/\",\"url\":\"https:\/\/retradycja.eu\/wp-content\/uploads\/2022\/06\/logo_retradycje-01.png\",\"contentUrl\":\"https:\/\/retradycja.eu\/wp-content\/uploads\/2022\/06\/logo_retradycje-01.png\",\"width\":332,\"height\":63,\"caption\":\"Warsztaty Kultury w Lublinie\"},\"image\":{\"@id\":\"https:\/\/retradycja.eu\/pl\/#\/schema\/logo\/image\/\"},\"sameAs\":[\"https:\/\/www.facebook.com\/retradycja\",\"https:\/\/www.instagram.com\/retradycja_jarmarkjagiellonski\/\",\"https:\/\/www.youtube.com\/user\/JarmarkJagiellonski\"]}]}<\/script>\n<!-- \/ Yoast SEO plugin. -->","yoast_head_json":{"title":"Orkiestra Jarmarku Jagiello\u0144skiego - Festiwal Re:tradycja - Jarmark Jagiello\u0144ski","robots":{"index":"index","follow":"follow","max-snippet":"max-snippet:-1","max-image-preview":"max-image-preview:large","max-video-preview":"max-video-preview:-1"},"canonical":"https:\/\/retradycja.eu\/pl\/orkiestra-jarmarku-jagiellonskiego\/","og_locale":"pl_PL","og_type":"article","og_title":"Orkiestra Jarmarku Jagiello\u0144skiego - Festiwal Re:tradycja - Jarmark Jagiello\u0144ski","og_url":"https:\/\/retradycja.eu\/pl\/orkiestra-jarmarku-jagiellonskiego\/","og_site_name":"Festiwal Re:tradycja - Jarmark Jagiello\u0144ski","article_publisher":"https:\/\/www.facebook.com\/retradycja","article_modified_time":"2023-10-09T13:34:30+00:00","twitter_card":"summary_large_image","twitter_misc":{"Szacowany czas czytania":"9 minut"},"schema":{"@context":"https:\/\/schema.org","@graph":[{"@type":"WebPage","@id":"https:\/\/retradycja.eu\/pl\/orkiestra-jarmarku-jagiellonskiego\/","url":"https:\/\/retradycja.eu\/pl\/orkiestra-jarmarku-jagiellonskiego\/","name":"Orkiestra Jarmarku Jagiello\u0144skiego - Festiwal Re:tradycja - Jarmark Jagiello\u0144ski","isPartOf":{"@id":"https:\/\/retradycja.eu\/pl\/#website"},"datePublished":"2021-03-10T12:19:04+00:00","dateModified":"2023-10-09T13:34:30+00:00","breadcrumb":{"@id":"https:\/\/retradycja.eu\/pl\/orkiestra-jarmarku-jagiellonskiego\/#breadcrumb"},"inLanguage":"pl-PL","potentialAction":[{"@type":"ReadAction","target":["https:\/\/retradycja.eu\/pl\/orkiestra-jarmarku-jagiellonskiego\/"]}]},{"@type":"BreadcrumbList","@id":"https:\/\/retradycja.eu\/pl\/orkiestra-jarmarku-jagiellonskiego\/#breadcrumb","itemListElement":[{"@type":"ListItem","position":1,"name":"Strona g\u0142\u00f3wna","item":"https:\/\/retradycja.eu\/pl\/"},{"@type":"ListItem","position":2,"name":"Orkiestra Jarmarku Jagiello\u0144skiego"}]},{"@type":"WebSite","@id":"https:\/\/retradycja.eu\/pl\/#website","url":"https:\/\/retradycja.eu\/pl\/","name":"Festiwal Re:tradycja - Jarmark Jagiello\u0144ski","description":" Lublin, Stare Miasto","publisher":{"@id":"https:\/\/retradycja.eu\/pl\/#organization"},"potentialAction":[{"@type":"SearchAction","target":{"@type":"EntryPoint","urlTemplate":"https:\/\/retradycja.eu\/pl\/?s={search_term_string}"},"query-input":"required name=search_term_string"}],"inLanguage":"pl-PL"},{"@type":"Organization","@id":"https:\/\/retradycja.eu\/pl\/#organization","name":"Warsztaty Kultury w Lublinie","url":"https:\/\/retradycja.eu\/pl\/","logo":{"@type":"ImageObject","inLanguage":"pl-PL","@id":"https:\/\/retradycja.eu\/pl\/#\/schema\/logo\/image\/","url":"https:\/\/retradycja.eu\/wp-content\/uploads\/2022\/06\/logo_retradycje-01.png","contentUrl":"https:\/\/retradycja.eu\/wp-content\/uploads\/2022\/06\/logo_retradycje-01.png","width":332,"height":63,"caption":"Warsztaty Kultury w Lublinie"},"image":{"@id":"https:\/\/retradycja.eu\/pl\/#\/schema\/logo\/image\/"},"sameAs":["https:\/\/www.facebook.com\/retradycja","https:\/\/www.instagram.com\/retradycja_jarmarkjagiellonski\/","https:\/\/www.youtube.com\/user\/JarmarkJagiellonski"]}]}},"_links":{"self":[{"href":"https:\/\/retradycja.eu\/pl\/wp-json\/wp\/v2\/pages\/39586"}],"collection":[{"href":"https:\/\/retradycja.eu\/pl\/wp-json\/wp\/v2\/pages"}],"about":[{"href":"https:\/\/retradycja.eu\/pl\/wp-json\/wp\/v2\/types\/page"}],"author":[{"embeddable":true,"href":"https:\/\/retradycja.eu\/pl\/wp-json\/wp\/v2\/users\/1"}],"replies":[{"embeddable":true,"href":"https:\/\/retradycja.eu\/pl\/wp-json\/wp\/v2\/comments?post=39586"}],"version-history":[{"count":9,"href":"https:\/\/retradycja.eu\/pl\/wp-json\/wp\/v2\/pages\/39586\/revisions"}],"predecessor-version":[{"id":52810,"href":"https:\/\/retradycja.eu\/pl\/wp-json\/wp\/v2\/pages\/39586\/revisions\/52810"}],"wp:attachment":[{"href":"https:\/\/retradycja.eu\/pl\/wp-json\/wp\/v2\/media?parent=39586"}],"curies":[{"name":"wp","href":"https:\/\/api.w.org\/{rel}","templated":true}]}}