{"id":41726,"date":"2021-11-19T09:54:45","date_gmt":"2021-11-19T08:54:45","guid":{"rendered":"https:\/\/retradycja.eu\/tradition-all-year-round\/slowodaje-storyteller-gatherings\/"},"modified":"2021-11-19T09:54:46","modified_gmt":"2021-11-19T08:54:46","slug":"slowodaje-storyteller-gatherings","status":"publish","type":"page","link":"https:\/\/retradycja.eu\/en\/tradition-all-year-round\/slowodaje-storyteller-gatherings\/","title":{"rendered":"S\u0142owodaj\u0119 Storyteller Gatherings"},"content":{"rendered":"<p><div class=\"fusion-fullwidth fullwidth-box fusion-builder-row-1 fusion-flex-container nonhundred-percent-fullwidth non-hundred-percent-height-scrolling\" style=\"--awb-border-radius-top-left:0px;--awb-border-radius-top-right:0px;--awb-border-radius-bottom-right:0px;--awb-border-radius-bottom-left:0px;--awb-margin-top:2%;--awb-background-color:#ffffff;--awb-flex-wrap:wrap;\" ><div class=\"fusion-builder-row fusion-row fusion-flex-align-items-flex-start fusion-flex-content-wrap\" style=\"max-width:calc( 1920px + 0px );margin-left: calc(-0px \/ 2 );margin-right: calc(-0px \/ 2 );\"><div class=\"fusion-layout-column fusion_builder_column fusion-builder-column-0 fusion_builder_column_1_1 1_1 fusion-flex-column\" style=\"--awb-padding-left:8%;--awb-bg-size:cover;--awb-width-large:100%;--awb-margin-top-large:0px;--awb-spacing-right-large:0px;--awb-margin-bottom-large:20px;--awb-spacing-left-large:0px;--awb-width-medium:100%;--awb-spacing-right-medium:0px;--awb-spacing-left-medium:0px;--awb-width-small:100%;--awb-spacing-right-small:0px;--awb-spacing-left-small:0px;\"><div class=\"fusion-column-wrapper fusion-column-has-shadow fusion-flex-justify-content-flex-start fusion-content-layout-column\"><div class=\"fusion-text fusion-text-1\"><h1 class=\"fusion-responsive-typography-calculated\" style=\"--fontsize: 43.2; line-height: 1.16;\" data-fontsize=\"43.2\" data-lineheight=\"50.112px\"><span class=\"czarny_tekst\"><strong data-fusion-font=\"true\">S\u0142owodaj\u0119 Storyteller Gatherings<\/strong><\/span><\/h1>\n<\/div><\/div><\/div><\/div><\/div><div class=\"fusion-fullwidth fullwidth-box fusion-builder-row-2 fusion-flex-container nonhundred-percent-fullwidth non-hundred-percent-height-scrolling\" style=\"--awb-border-radius-top-left:0px;--awb-border-radius-top-right:0px;--awb-border-radius-bottom-right:0px;--awb-border-radius-bottom-left:0px;--awb-padding-right:8%;--awb-padding-left:8%;--awb-margin-top:2%;--awb-flex-wrap:wrap;\" ><div class=\"fusion-builder-row fusion-row fusion-flex-align-items-flex-start fusion-flex-content-wrap\" style=\"max-width:1996.8px;margin-left: calc(-4% \/ 2 );margin-right: calc(-4% \/ 2 );\"><div class=\"fusion-layout-column fusion_builder_column fusion-builder-column-1 fusion_builder_column_1_3 1_3 fusion-flex-column\" style=\"--awb-bg-size:cover;--awb-width-large:33.333333333333%;--awb-margin-top-large:0px;--awb-spacing-right-large:5.76%;--awb-margin-bottom-large:20px;--awb-spacing-left-large:5.76%;--awb-width-medium:33.333333333333%;--awb-order-medium:0;--awb-spacing-right-medium:5.76%;--awb-spacing-left-medium:5.76%;--awb-width-small:100%;--awb-order-small:0;--awb-spacing-right-small:1.92%;--awb-spacing-left-small:1.92%;\"><div class=\"fusion-column-wrapper fusion-column-has-shadow fusion-flex-justify-content-flex-start fusion-content-layout-column\"><div class=\"fusion-image-element \" style=\"--awb-caption-title-font-family:var(--h2_typography-font-family);--awb-caption-title-font-weight:var(--h2_typography-font-weight);--awb-caption-title-font-style:var(--h2_typography-font-style);--awb-caption-title-size:var(--h2_typography-font-size);--awb-caption-title-transform:var(--h2_typography-text-transform);--awb-caption-title-line-height:var(--h2_typography-line-height);--awb-caption-title-letter-spacing:var(--h2_typography-letter-spacing);\"><span class=\" fusion-imageframe imageframe-none imageframe-1 hover-type-none\"><img decoding=\"async\" width=\"1024\" height=\"576\" alt=\"M\u0119\u017cczyzna w stroju kosmonauty z mikrofonem w r\u0119ce.\" title=\"opowiadacze_hd\" src=\"https:\/\/retradycja.eu\/wp-content\/uploads\/2021\/11\/opowiadacze_hd-1024x576.jpg\" class=\"img-responsive wp-image-41705\" srcset=\"https:\/\/retradycja.eu\/wp-content\/uploads\/2021\/11\/opowiadacze_hd-200x113.jpg 200w, https:\/\/retradycja.eu\/wp-content\/uploads\/2021\/11\/opowiadacze_hd-400x225.jpg 400w, https:\/\/retradycja.eu\/wp-content\/uploads\/2021\/11\/opowiadacze_hd-600x338.jpg 600w, https:\/\/retradycja.eu\/wp-content\/uploads\/2021\/11\/opowiadacze_hd-800x450.jpg 800w, https:\/\/retradycja.eu\/wp-content\/uploads\/2021\/11\/opowiadacze_hd-1200x675.jpg 1200w, https:\/\/retradycja.eu\/wp-content\/uploads\/2021\/11\/opowiadacze_hd.jpg 1920w\" sizes=\"(max-width: 640px) 100vw, 600px\" \/><\/span><\/div><\/div><\/div><div class=\"fusion-layout-column fusion_builder_column fusion-builder-column-2 fusion_builder_column_2_3 2_3 fusion-flex-column\" style=\"--awb-bg-size:cover;--awb-width-large:66.666666666667%;--awb-margin-top-large:0px;--awb-spacing-right-large:2.88%;--awb-margin-bottom-large:20px;--awb-spacing-left-large:2.88%;--awb-width-medium:66.666666666667%;--awb-order-medium:0;--awb-spacing-right-medium:2.88%;--awb-spacing-left-medium:2.88%;--awb-width-small:100%;--awb-order-small:0;--awb-spacing-right-small:1.92%;--awb-spacing-left-small:1.92%;\"><div class=\"fusion-column-wrapper fusion-column-has-shadow fusion-flex-justify-content-flex-start fusion-content-layout-column\"><div class=\"fusion-text fusion-text-2\"><p>&nbsp;<\/p>\n<\/div><div class=\"fusion-text fusion-text-3\"><div class=\"fusion-text fusion-text-1\">\n<p>S\u0142owodaje (Youhavemyword) Storyteller Gatherings invite you to spend quality time together, dream up and listen to stories that will bring tears of joy or sorrow to our eyes, or help us understand the world around us as well as emotions that accompany us along the way.<\/p>\n<p>\u201cYouhavemyword\u201d dates back to 2008, when it was first coordinated as a multi-day festival. After that, it started to function as a place for regular meet-ups and workshops. Throughout those years, we had the pleasure of listening to many stories performed \/ spun\/ by storytellers from Poland and all over the world.<\/p>\n<p>Now the time has come for a comeback, and we hope to see you there!<\/p>\n<\/div>\n<\/div><\/div><\/div><\/div><\/div><\/p>\n","protected":false},"excerpt":{"rendered":"","protected":false},"author":5,"featured_media":41705,"parent":35588,"menu_order":0,"comment_status":"closed","ping_status":"closed","template":"","meta":{"_acf_changed":false,"ngg_post_thumbnail":0,"footnotes":""},"acf":[],"yoast_head":"<!-- This site is optimized with the Yoast SEO plugin v22.2 - https:\/\/yoast.com\/wordpress\/plugins\/seo\/ -->\n<title>S\u0142owodaj\u0119 Storyteller Gatherings - Jarmark Jagiello\u0144ski<\/title>\n<meta name=\"robots\" content=\"index, follow, max-snippet:-1, max-image-preview:large, max-video-preview:-1\" \/>\n<link rel=\"canonical\" href=\"https:\/\/retradycja.eu\/en\/tradition-all-year-round\/slowodaje-storyteller-gatherings\/\" \/>\n<meta property=\"og:locale\" content=\"en_US\" \/>\n<meta property=\"og:type\" content=\"article\" \/>\n<meta property=\"og:title\" content=\"S\u0142owodaj\u0119 Storyteller Gatherings - Jarmark Jagiello\u0144ski\" \/>\n<meta property=\"og:url\" content=\"https:\/\/retradycja.eu\/en\/tradition-all-year-round\/slowodaje-storyteller-gatherings\/\" \/>\n<meta property=\"og:site_name\" content=\"Jarmark Jagiello\u0144ski\" \/>\n<meta property=\"article:publisher\" content=\"https:\/\/www.facebook.com\/retradycja\" \/>\n<meta property=\"article:modified_time\" content=\"2021-11-19T08:54:46+00:00\" \/>\n<meta property=\"og:image\" content=\"https:\/\/retradycja.eu\/wp-content\/uploads\/2021\/11\/opowiadacze_hd.jpg\" \/>\n\t<meta property=\"og:image:width\" content=\"1920\" \/>\n\t<meta property=\"og:image:height\" content=\"1080\" \/>\n\t<meta property=\"og:image:type\" content=\"image\/jpeg\" \/>\n<meta name=\"twitter:card\" content=\"summary_large_image\" \/>\n<meta name=\"twitter:label1\" content=\"Est. reading time\" \/>\n\t<meta name=\"twitter:data1\" content=\"6 minutes\" \/>\n<script type=\"application\/ld+json\" class=\"yoast-schema-graph\">{\"@context\":\"https:\/\/schema.org\",\"@graph\":[{\"@type\":\"WebPage\",\"@id\":\"https:\/\/retradycja.eu\/en\/tradition-all-year-round\/slowodaje-storyteller-gatherings\/\",\"url\":\"https:\/\/retradycja.eu\/en\/tradition-all-year-round\/slowodaje-storyteller-gatherings\/\",\"name\":\"S\u0142owodaj\u0119 Storyteller Gatherings - Jarmark Jagiello\u0144ski\",\"isPartOf\":{\"@id\":\"https:\/\/retradycja.eu\/pl\/#website\"},\"primaryImageOfPage\":{\"@id\":\"https:\/\/retradycja.eu\/en\/tradition-all-year-round\/slowodaje-storyteller-gatherings\/#primaryimage\"},\"image\":{\"@id\":\"https:\/\/retradycja.eu\/en\/tradition-all-year-round\/slowodaje-storyteller-gatherings\/#primaryimage\"},\"thumbnailUrl\":\"https:\/\/retradycja.eu\/wp-content\/uploads\/2021\/11\/opowiadacze_hd.jpg\",\"datePublished\":\"2021-11-19T08:54:45+00:00\",\"dateModified\":\"2021-11-19T08:54:46+00:00\",\"breadcrumb\":{\"@id\":\"https:\/\/retradycja.eu\/en\/tradition-all-year-round\/slowodaje-storyteller-gatherings\/#breadcrumb\"},\"inLanguage\":\"en-US\",\"potentialAction\":[{\"@type\":\"ReadAction\",\"target\":[\"https:\/\/retradycja.eu\/en\/tradition-all-year-round\/slowodaje-storyteller-gatherings\/\"]}]},{\"@type\":\"ImageObject\",\"inLanguage\":\"en-US\",\"@id\":\"https:\/\/retradycja.eu\/en\/tradition-all-year-round\/slowodaje-storyteller-gatherings\/#primaryimage\",\"url\":\"https:\/\/retradycja.eu\/wp-content\/uploads\/2021\/11\/opowiadacze_hd.jpg\",\"contentUrl\":\"https:\/\/retradycja.eu\/wp-content\/uploads\/2021\/11\/opowiadacze_hd.jpg\",\"width\":1920,\"height\":1080,\"caption\":\"M\u0119\u017cczyzna w stroju kosmonauty z mikrofonem w r\u0119ce.\"},{\"@type\":\"BreadcrumbList\",\"@id\":\"https:\/\/retradycja.eu\/en\/tradition-all-year-round\/slowodaje-storyteller-gatherings\/#breadcrumb\",\"itemListElement\":[{\"@type\":\"ListItem\",\"position\":1,\"name\":\"Strona g\u0142\u00f3wna\",\"item\":\"https:\/\/retradycja.eu\/en\/\"},{\"@type\":\"ListItem\",\"position\":2,\"name\":\"Tradition all year round\",\"item\":\"https:\/\/retradycja.eu\/en\/tradition-all-year-round\/\"},{\"@type\":\"ListItem\",\"position\":3,\"name\":\"S\u0142owodaj\u0119 Storyteller Gatherings\"}]},{\"@type\":\"WebSite\",\"@id\":\"https:\/\/retradycja.eu\/pl\/#website\",\"url\":\"https:\/\/retradycja.eu\/pl\/\",\"name\":\"Jarmark Jagiello\u0144ski\",\"description\":\"The Jagiellonian Fair 21-23 August 2020 |  Lublin, Old Town\",\"publisher\":{\"@id\":\"https:\/\/retradycja.eu\/pl\/#organization\"},\"potentialAction\":[{\"@type\":\"SearchAction\",\"target\":{\"@type\":\"EntryPoint\",\"urlTemplate\":\"https:\/\/retradycja.eu\/pl\/?s={search_term_string}\"},\"query-input\":\"required name=search_term_string\"}],\"inLanguage\":\"en-US\"},{\"@type\":\"Organization\",\"@id\":\"https:\/\/retradycja.eu\/pl\/#organization\",\"name\":\"Warsztaty Kultury w Lublinie\",\"url\":\"https:\/\/retradycja.eu\/pl\/\",\"logo\":{\"@type\":\"ImageObject\",\"inLanguage\":\"en-US\",\"@id\":\"https:\/\/retradycja.eu\/pl\/#\/schema\/logo\/image\/\",\"url\":\"https:\/\/retradycja.eu\/wp-content\/uploads\/2022\/06\/logo_retradycje-01.png\",\"contentUrl\":\"https:\/\/retradycja.eu\/wp-content\/uploads\/2022\/06\/logo_retradycje-01.png\",\"width\":332,\"height\":63,\"caption\":\"Warsztaty Kultury w Lublinie\"},\"image\":{\"@id\":\"https:\/\/retradycja.eu\/pl\/#\/schema\/logo\/image\/\"},\"sameAs\":[\"https:\/\/www.facebook.com\/retradycja\",\"https:\/\/www.instagram.com\/retradycja_jarmarkjagiellonski\/\",\"https:\/\/www.youtube.com\/user\/JarmarkJagiellonski\"]}]}<\/script>\n<!-- \/ Yoast SEO plugin. -->","yoast_head_json":{"title":"S\u0142owodaj\u0119 Storyteller Gatherings - Jarmark Jagiello\u0144ski","robots":{"index":"index","follow":"follow","max-snippet":"max-snippet:-1","max-image-preview":"max-image-preview:large","max-video-preview":"max-video-preview:-1"},"canonical":"https:\/\/retradycja.eu\/en\/tradition-all-year-round\/slowodaje-storyteller-gatherings\/","og_locale":"en_US","og_type":"article","og_title":"S\u0142owodaj\u0119 Storyteller Gatherings - Jarmark Jagiello\u0144ski","og_url":"https:\/\/retradycja.eu\/en\/tradition-all-year-round\/slowodaje-storyteller-gatherings\/","og_site_name":"Jarmark Jagiello\u0144ski","article_publisher":"https:\/\/www.facebook.com\/retradycja","article_modified_time":"2021-11-19T08:54:46+00:00","og_image":[{"width":1920,"height":1080,"url":"https:\/\/retradycja.eu\/wp-content\/uploads\/2021\/11\/opowiadacze_hd.jpg","type":"image\/jpeg"}],"twitter_card":"summary_large_image","twitter_misc":{"Est. reading time":"6 minutes"},"schema":{"@context":"https:\/\/schema.org","@graph":[{"@type":"WebPage","@id":"https:\/\/retradycja.eu\/en\/tradition-all-year-round\/slowodaje-storyteller-gatherings\/","url":"https:\/\/retradycja.eu\/en\/tradition-all-year-round\/slowodaje-storyteller-gatherings\/","name":"S\u0142owodaj\u0119 Storyteller Gatherings - Jarmark Jagiello\u0144ski","isPartOf":{"@id":"https:\/\/retradycja.eu\/pl\/#website"},"primaryImageOfPage":{"@id":"https:\/\/retradycja.eu\/en\/tradition-all-year-round\/slowodaje-storyteller-gatherings\/#primaryimage"},"image":{"@id":"https:\/\/retradycja.eu\/en\/tradition-all-year-round\/slowodaje-storyteller-gatherings\/#primaryimage"},"thumbnailUrl":"https:\/\/retradycja.eu\/wp-content\/uploads\/2021\/11\/opowiadacze_hd.jpg","datePublished":"2021-11-19T08:54:45+00:00","dateModified":"2021-11-19T08:54:46+00:00","breadcrumb":{"@id":"https:\/\/retradycja.eu\/en\/tradition-all-year-round\/slowodaje-storyteller-gatherings\/#breadcrumb"},"inLanguage":"en-US","potentialAction":[{"@type":"ReadAction","target":["https:\/\/retradycja.eu\/en\/tradition-all-year-round\/slowodaje-storyteller-gatherings\/"]}]},{"@type":"ImageObject","inLanguage":"en-US","@id":"https:\/\/retradycja.eu\/en\/tradition-all-year-round\/slowodaje-storyteller-gatherings\/#primaryimage","url":"https:\/\/retradycja.eu\/wp-content\/uploads\/2021\/11\/opowiadacze_hd.jpg","contentUrl":"https:\/\/retradycja.eu\/wp-content\/uploads\/2021\/11\/opowiadacze_hd.jpg","width":1920,"height":1080,"caption":"M\u0119\u017cczyzna w stroju kosmonauty z mikrofonem w r\u0119ce."},{"@type":"BreadcrumbList","@id":"https:\/\/retradycja.eu\/en\/tradition-all-year-round\/slowodaje-storyteller-gatherings\/#breadcrumb","itemListElement":[{"@type":"ListItem","position":1,"name":"Strona g\u0142\u00f3wna","item":"https:\/\/retradycja.eu\/en\/"},{"@type":"ListItem","position":2,"name":"Tradition all year round","item":"https:\/\/retradycja.eu\/en\/tradition-all-year-round\/"},{"@type":"ListItem","position":3,"name":"S\u0142owodaj\u0119 Storyteller Gatherings"}]},{"@type":"WebSite","@id":"https:\/\/retradycja.eu\/pl\/#website","url":"https:\/\/retradycja.eu\/pl\/","name":"Jarmark Jagiello\u0144ski","description":"The Jagiellonian Fair 21-23 August 2020 |  Lublin, Old Town","publisher":{"@id":"https:\/\/retradycja.eu\/pl\/#organization"},"potentialAction":[{"@type":"SearchAction","target":{"@type":"EntryPoint","urlTemplate":"https:\/\/retradycja.eu\/pl\/?s={search_term_string}"},"query-input":"required name=search_term_string"}],"inLanguage":"en-US"},{"@type":"Organization","@id":"https:\/\/retradycja.eu\/pl\/#organization","name":"Warsztaty Kultury w Lublinie","url":"https:\/\/retradycja.eu\/pl\/","logo":{"@type":"ImageObject","inLanguage":"en-US","@id":"https:\/\/retradycja.eu\/pl\/#\/schema\/logo\/image\/","url":"https:\/\/retradycja.eu\/wp-content\/uploads\/2022\/06\/logo_retradycje-01.png","contentUrl":"https:\/\/retradycja.eu\/wp-content\/uploads\/2022\/06\/logo_retradycje-01.png","width":332,"height":63,"caption":"Warsztaty Kultury w Lublinie"},"image":{"@id":"https:\/\/retradycja.eu\/pl\/#\/schema\/logo\/image\/"},"sameAs":["https:\/\/www.facebook.com\/retradycja","https:\/\/www.instagram.com\/retradycja_jarmarkjagiellonski\/","https:\/\/www.youtube.com\/user\/JarmarkJagiellonski"]}]}},"_links":{"self":[{"href":"https:\/\/retradycja.eu\/en\/wp-json\/wp\/v2\/pages\/41726"}],"collection":[{"href":"https:\/\/retradycja.eu\/en\/wp-json\/wp\/v2\/pages"}],"about":[{"href":"https:\/\/retradycja.eu\/en\/wp-json\/wp\/v2\/types\/page"}],"author":[{"embeddable":true,"href":"https:\/\/retradycja.eu\/en\/wp-json\/wp\/v2\/users\/5"}],"replies":[{"embeddable":true,"href":"https:\/\/retradycja.eu\/en\/wp-json\/wp\/v2\/comments?post=41726"}],"version-history":[{"count":3,"href":"https:\/\/retradycja.eu\/en\/wp-json\/wp\/v2\/pages\/41726\/revisions"}],"predecessor-version":[{"id":41729,"href":"https:\/\/retradycja.eu\/en\/wp-json\/wp\/v2\/pages\/41726\/revisions\/41729"}],"up":[{"embeddable":true,"href":"https:\/\/retradycja.eu\/en\/wp-json\/wp\/v2\/pages\/35588"}],"wp:featuredmedia":[{"embeddable":true,"href":"https:\/\/retradycja.eu\/en\/wp-json\/wp\/v2\/media\/41705"}],"wp:attachment":[{"href":"https:\/\/retradycja.eu\/en\/wp-json\/wp\/v2\/media?parent=41726"}],"curies":[{"name":"wp","href":"https:\/\/api.w.org\/{rel}","templated":true}]}}