{"id":35410,"date":"2020-08-07T11:34:57","date_gmt":"2020-08-07T09:34:57","guid":{"rendered":"https:\/\/retradycja.eu\/news\/"},"modified":"2020-08-07T11:34:58","modified_gmt":"2020-08-07T09:34:58","slug":"news","status":"publish","type":"page","link":"https:\/\/retradycja.eu\/en\/news\/","title":{"rendered":"News"},"content":{"rendered":"<p><div class=\"fusion-fullwidth fullwidth-box fusion-builder-row-1 fusion-flex-container nonhundred-percent-fullwidth non-hundred-percent-height-scrolling\" style=\"--awb-border-radius-top-left:0px;--awb-border-radius-top-right:0px;--awb-border-radius-bottom-right:0px;--awb-border-radius-bottom-left:0px;--awb-margin-top:2%;--awb-background-color:#ffffff;--awb-flex-wrap:wrap;\" ><div class=\"fusion-builder-row fusion-row fusion-flex-align-items-flex-start fusion-flex-content-wrap\" style=\"max-width:calc( 1920px + 0px );margin-left: calc(-0px \/ 2 );margin-right: calc(-0px \/ 2 );\"><div class=\"fusion-layout-column fusion_builder_column fusion-builder-column-0 fusion_builder_column_1_1 1_1 fusion-flex-column\" style=\"--awb-padding-left:8%;--awb-bg-size:cover;--awb-width-large:100%;--awb-margin-top-large:0px;--awb-spacing-right-large:0px;--awb-margin-bottom-large:20px;--awb-spacing-left-large:0px;--awb-width-medium:100%;--awb-spacing-right-medium:0px;--awb-spacing-left-medium:0px;--awb-width-small:100%;--awb-spacing-right-small:0px;--awb-spacing-left-small:0px;\"><div class=\"fusion-column-wrapper fusion-column-has-shadow fusion-flex-justify-content-flex-start fusion-content-layout-column\"><div class=\"fusion-text fusion-text-1\"><h1><span class=\"czarny_tekst\">News<\/span><\/h1>\n<\/div><\/div><\/div><\/div><\/div><div class=\"fusion-fullwidth fullwidth-box fusion-builder-row-2 fusion-flex-container nonhundred-percent-fullwidth non-hundred-percent-height-scrolling\" style=\"--awb-border-radius-top-left:0px;--awb-border-radius-top-right:0px;--awb-border-radius-bottom-right:0px;--awb-border-radius-bottom-left:0px;--awb-padding-right:5%;--awb-padding-left:8%;--awb-margin-top:3%;--awb-flex-wrap:wrap;\" ><div class=\"fusion-builder-row fusion-row fusion-flex-align-items-flex-start fusion-flex-content-wrap\" style=\"max-width:calc( 1920px + 0px );margin-left: calc(-0px \/ 2 );margin-right: calc(-0px \/ 2 );\"><div class=\"fusion-layout-column fusion_builder_column fusion-builder-column-1 fusion_builder_column_1_1 1_1 fusion-flex-column\" style=\"--awb-bg-size:cover;--awb-width-large:100%;--awb-margin-top-large:0px;--awb-spacing-right-large:0px;--awb-margin-bottom-large:20px;--awb-spacing-left-large:0px;--awb-width-medium:100%;--awb-spacing-right-medium:0px;--awb-spacing-left-medium:0px;--awb-width-small:100%;--awb-spacing-right-small:0px;--awb-spacing-left-small:0px;\"><div class=\"fusion-column-wrapper fusion-column-has-shadow fusion-flex-justify-content-flex-start fusion-content-layout-column\"><div class=\"fusion-blog-shortcode fusion-blog-shortcode-1 fusion-blog-archive fusion-blog-layout-grid-wrapper fusion-blog-pagination fusion-blog-layout-left\" style=\"--grid_separator_color:#ffffff;\"><style type=\"text\/css\">.fusion-blog-shortcode-1 .fusion-blog-layout-grid .fusion-post-grid{padding:24px;}.fusion-blog-shortcode-1 .fusion-posts-container{margin-left: -24px !important; margin-right:-24px !important;}<\/style><div class=\"fusion-posts-container fusion-posts-container-pagination fusion-no-meta-info fusion-blog-layout-grid fusion-blog-layout-grid-3 isotope fusion-blog-equal-heights\" data-pages=\"8\" data-grid-col-space=\"48\" style=\"margin: -24px -24px 0;min-height:500px;\"><article id=\"blog-1-post-58712\" class=\"fusion-post-grid post-58712 post type-post status-publish format-standard has-post-thumbnail hentry category-uncategorized\">\n<div class=\"fusion-post-wrapper\" style=\"background-color:rgba(255,255,255,1);border:1px solid #fefffc;border-bottom-width:3px;\">\n\n\t\t\t<div class=\"fusion-flexslider flexslider fusion-flexslider-loading fusion-post-slideshow\" style=\"border-color:#fefffc;\">\n\t\t<ul class=\"slides\">\n\t\t\t\n\t\t\t\t\t\t\t\t\t\t\t\t\t\t<li><div  class=\"fusion-image-wrapper\" aria-haspopup=\"true\">\n\t\t\t\t\t\t\t<a href=\"https:\/\/retradycja.eu\/en\/three-women-lublin\/\" aria-label=\"Three Women \u2013 Lublin Edition\">\n\t\t\t\t\t\t\t<img decoding=\"async\" width=\"1921\" height=\"1006\" src=\"https:\/\/retradycja.eu\/wp-content\/uploads\/2026\/02\/Tetrisy_dzien_kobiet_2_prawie_hd.jpg\" class=\"attachment-full size-full wp-post-image\" alt=\"Grupa kobiet ma na sobie stroje ludowe. Jedna z nich trzyma bukiet kwiat\u00f3w. Fotografia jest bardzo stara, czarno-bia\u0142a.\" srcset=\"https:\/\/retradycja.eu\/wp-content\/uploads\/2026\/02\/Tetrisy_dzien_kobiet_2_prawie_hd-200x105.jpg 200w, https:\/\/retradycja.eu\/wp-content\/uploads\/2026\/02\/Tetrisy_dzien_kobiet_2_prawie_hd-400x209.jpg 400w, https:\/\/retradycja.eu\/wp-content\/uploads\/2026\/02\/Tetrisy_dzien_kobiet_2_prawie_hd-600x314.jpg 600w, https:\/\/retradycja.eu\/wp-content\/uploads\/2026\/02\/Tetrisy_dzien_kobiet_2_prawie_hd-800x419.jpg 800w, https:\/\/retradycja.eu\/wp-content\/uploads\/2026\/02\/Tetrisy_dzien_kobiet_2_prawie_hd-1200x628.jpg 1200w, https:\/\/retradycja.eu\/wp-content\/uploads\/2026\/02\/Tetrisy_dzien_kobiet_2_prawie_hd.jpg 1921w\" sizes=\"(min-width: 2200px) 100vw, (min-width: 784px) 608px, (min-width: 712px) 784px, (min-width: 640px) 712px, \" \/>\t\t\t<\/a>\n\t\t\t\t\t\t\t<\/div>\n<\/li>\n\t\t\t\n\t\t\t\n\t\t\t\t\t\t\t\t\t\t\t\t\t\t\t\t\t\t\t\t\t\t\t\t\t\t\t\t\t\t\t\t\t\t\t\t\t\t\t\t\t\t\t\t\t\t\t\t\t\t\t\t\t\t\t\t\t\t\t\t\t\t\t\t\t\t\t\t<\/ul>\n\t<\/div>\n\t<div class=\"fusion-post-content-wrapper\" style=\"padding:30px 25px 25px 25px;\"><div class=\"fusion-post-content post-content\"><h2 class=\"blog-shortcode-post-title entry-title\"><a href=\"https:\/\/retradycja.eu\/en\/three-women-lublin\/\">Three Women \u2013 Lublin Edition<\/a><\/h2><\/div><\/div><div class=\"fusion-clearfix\"><\/div><\/div>\n<\/article>\n<article id=\"blog-1-post-57020\" class=\"fusion-post-grid post-57020 post type-post status-publish format-standard has-post-thumbnail hentry category-uncategorized\">\n<div class=\"fusion-post-wrapper\" style=\"background-color:rgba(255,255,255,1);border:1px solid #fefffc;border-bottom-width:3px;\">\n\n\t\t\t<div class=\"fusion-flexslider flexslider fusion-flexslider-loading fusion-post-slideshow\" style=\"border-color:#fefffc;\">\n\t\t<ul class=\"slides\">\n\t\t\t\n\t\t\t\t\t\t\t\t\t\t\t\t\t\t<li><div  class=\"fusion-image-wrapper\" aria-haspopup=\"true\">\n\t\t\t\t\t\t\t<a href=\"https:\/\/retradycja.eu\/en\/dance-theme-re2025\/\" aria-label=\"Re:tradition &#8211; The Jagiellonian Fair Festival 2025. Dance as this year\u2019s main theme\">\n\t\t\t\t\t\t\t<img decoding=\"async\" width=\"1920\" height=\"1006\" src=\"https:\/\/retradycja.eu\/wp-content\/uploads\/2024\/08\/Zdj-wtle-1920x1005-1.webp\" class=\"attachment-full size-full wp-post-image\" alt=\"Grafika zapowiadaj\u0105ca festiwal Re:tradycja - Jarmark Jagiello\u0144ski.\" srcset=\"https:\/\/retradycja.eu\/wp-content\/uploads\/2024\/08\/Zdj-wtle-1920x1005-1-200x105.webp 200w, https:\/\/retradycja.eu\/wp-content\/uploads\/2024\/08\/Zdj-wtle-1920x1005-1-300x157.webp 300w, https:\/\/retradycja.eu\/wp-content\/uploads\/2024\/08\/Zdj-wtle-1920x1005-1-400x210.webp 400w, https:\/\/retradycja.eu\/wp-content\/uploads\/2024\/08\/Zdj-wtle-1920x1005-1-600x314.webp 600w, https:\/\/retradycja.eu\/wp-content\/uploads\/2024\/08\/Zdj-wtle-1920x1005-1-768x402.webp 768w, https:\/\/retradycja.eu\/wp-content\/uploads\/2024\/08\/Zdj-wtle-1920x1005-1-800x419.webp 800w, https:\/\/retradycja.eu\/wp-content\/uploads\/2024\/08\/Zdj-wtle-1920x1005-1-1024x537.webp 1024w, https:\/\/retradycja.eu\/wp-content\/uploads\/2024\/08\/Zdj-wtle-1920x1005-1-1200x629.webp 1200w, https:\/\/retradycja.eu\/wp-content\/uploads\/2024\/08\/Zdj-wtle-1920x1005-1-1536x805.webp 1536w, https:\/\/retradycja.eu\/wp-content\/uploads\/2024\/08\/Zdj-wtle-1920x1005-1.webp 1920w\" sizes=\"(min-width: 2200px) 100vw, (min-width: 784px) 608px, (min-width: 712px) 784px, (min-width: 640px) 712px, \" \/>\t\t\t<\/a>\n\t\t\t\t\t\t\t<\/div>\n<\/li>\n\t\t\t\n\t\t\t\n\t\t\t\t\t\t\t\t\t\t\t\t\t\t\t\t\t\t\t\t\t\t\t\t\t\t\t\t\t\t\t\t\t\t\t\t\t\t\t\t\t\t\t\t\t\t\t\t\t\t\t\t\t\t\t\t\t\t\t\t\t\t\t\t\t\t\t\t<\/ul>\n\t<\/div>\n\t<div class=\"fusion-post-content-wrapper\" style=\"padding:30px 25px 25px 25px;\"><div class=\"fusion-post-content post-content\"><h2 class=\"blog-shortcode-post-title entry-title\"><a href=\"https:\/\/retradycja.eu\/en\/dance-theme-re2025\/\">Re:tradition &#8211; The Jagiellonian Fair Festival 2025. Dance as this year\u2019s main theme<\/a><\/h2><\/div><\/div><div class=\"fusion-clearfix\"><\/div><\/div>\n<\/article>\n<article id=\"blog-1-post-56335\" class=\"fusion-post-grid post-56335 post type-post status-publish format-standard has-post-thumbnail hentry category-uncategorized\">\n<div class=\"fusion-post-wrapper\" style=\"background-color:rgba(255,255,255,1);border:1px solid #fefffc;border-bottom-width:3px;\">\n\n\t\t\t<div class=\"fusion-flexslider flexslider fusion-flexslider-loading fusion-post-slideshow\" style=\"border-color:#fefffc;\">\n\t\t<ul class=\"slides\">\n\t\t\t\n\t\t\t\t\t\t\t\t\t\t\t\t\t\t<li><div  class=\"fusion-image-wrapper\" aria-haspopup=\"true\">\n\t\t\t\t\t\t\t<a href=\"https:\/\/retradycja.eu\/en\/cooking-lodz\/\" aria-label=\"What\u2019s cooking in \u0141\u00f3d\u017a?\/Dictionary of \u0141\u00f3d\u017a-specific slang | Exhibition\">\n\t\t\t\t\t\t\t<img decoding=\"async\" width=\"756\" height=\"1080\" src=\"https:\/\/retradycja.eu\/wp-content\/uploads\/2025\/02\/Clipboard01.png\" class=\"attachment-full size-full wp-post-image\" alt=\"Grafika z wieloma ozdobnymi kreskami i napis: S\u0142ownik \u0142odzianizn\u00f3w. Ilustruj\u0105 \u0141\u00f3d\u017a od kuchni polscy arty\u015bci.\" srcset=\"https:\/\/retradycja.eu\/wp-content\/uploads\/2025\/02\/Clipboard01-200x286.png 200w, https:\/\/retradycja.eu\/wp-content\/uploads\/2025\/02\/Clipboard01-400x571.png 400w, https:\/\/retradycja.eu\/wp-content\/uploads\/2025\/02\/Clipboard01-600x857.png 600w, https:\/\/retradycja.eu\/wp-content\/uploads\/2025\/02\/Clipboard01.png 756w\" sizes=\"(min-width: 2200px) 100vw, (min-width: 784px) 608px, (min-width: 712px) 784px, (min-width: 640px) 712px, \" \/>\t\t\t<\/a>\n\t\t\t\t\t\t\t<\/div>\n<\/li>\n\t\t\t\n\t\t\t\n\t\t\t\t\t\t\t\t\t\t\t\t\t\t\t\t\t\t\t\t\t\t\t\t\t\t\t\t\t\t\t\t\t\t\t\t\t\t\t\t\t\t\t\t\t\t\t\t\t\t\t\t\t\t\t\t\t\t\t\t\t\t\t\t\t\t\t\t<\/ul>\n\t<\/div>\n\t<div class=\"fusion-post-content-wrapper\" style=\"padding:30px 25px 25px 25px;\"><div class=\"fusion-post-content post-content\"><h2 class=\"blog-shortcode-post-title entry-title\"><a href=\"https:\/\/retradycja.eu\/en\/cooking-lodz\/\">What\u2019s cooking in \u0141\u00f3d\u017a?\/Dictionary of \u0141\u00f3d\u017a-specific slang | Exhibition<\/a><\/h2><\/div><\/div><div class=\"fusion-clearfix\"><\/div><\/div>\n<\/article>\n<article id=\"blog-1-post-55735\" class=\"fusion-post-grid post-55735 post type-post status-publish format-standard has-post-thumbnail hentry category-uncategorized\">\n<div class=\"fusion-post-wrapper\" style=\"background-color:rgba(255,255,255,1);border:1px solid #fefffc;border-bottom-width:3px;\">\n\n\t\t\t<div class=\"fusion-flexslider flexslider fusion-flexslider-loading fusion-post-slideshow\" style=\"border-color:#fefffc;\">\n\t\t<ul class=\"slides\">\n\t\t\t\n\t\t\t\t\t\t\t\t\t\t\t\t\t\t<li><div  class=\"fusion-image-wrapper\" aria-haspopup=\"true\">\n\t\t\t\t\t\t\t<a href=\"https:\/\/retradycja.eu\/en\/save-the-date-2025\/\" aria-label=\"Re:Tradition \u2013 The Jagiellonian Fair Festival 2025\">\n\t\t\t\t\t\t\t<img decoding=\"async\" width=\"1920\" height=\"1080\" src=\"https:\/\/retradycja.eu\/wp-content\/uploads\/2024\/08\/re_bez_gniazda_25_hd.jpg\" class=\"attachment-full size-full wp-post-image\" alt=\"Ludzie ta\u0144cz\u0105 pod scen\u0105. Napis: Re:tradycja, Lublin 22-24.08.2025\" srcset=\"https:\/\/retradycja.eu\/wp-content\/uploads\/2024\/08\/re_bez_gniazda_25_hd-200x113.jpg 200w, https:\/\/retradycja.eu\/wp-content\/uploads\/2024\/08\/re_bez_gniazda_25_hd-400x225.jpg 400w, https:\/\/retradycja.eu\/wp-content\/uploads\/2024\/08\/re_bez_gniazda_25_hd-600x338.jpg 600w, https:\/\/retradycja.eu\/wp-content\/uploads\/2024\/08\/re_bez_gniazda_25_hd-800x450.jpg 800w, https:\/\/retradycja.eu\/wp-content\/uploads\/2024\/08\/re_bez_gniazda_25_hd-1200x675.jpg 1200w, https:\/\/retradycja.eu\/wp-content\/uploads\/2024\/08\/re_bez_gniazda_25_hd.jpg 1920w\" sizes=\"(min-width: 2200px) 100vw, (min-width: 784px) 608px, (min-width: 712px) 784px, (min-width: 640px) 712px, \" \/>\t\t\t<\/a>\n\t\t\t\t\t\t\t<\/div>\n<\/li>\n\t\t\t\n\t\t\t\n\t\t\t\t\t\t\t\t\t\t\t\t\t\t\t\t\t\t\t\t\t\t\t\t\t\t\t\t\t\t\t\t\t\t\t\t\t\t\t\t\t\t\t\t\t\t\t\t\t\t\t\t\t\t\t\t\t\t\t\t\t\t\t\t\t\t\t\t<\/ul>\n\t<\/div>\n\t<div class=\"fusion-post-content-wrapper\" style=\"padding:30px 25px 25px 25px;\"><div class=\"fusion-post-content post-content\"><h2 class=\"blog-shortcode-post-title entry-title\"><a href=\"https:\/\/retradycja.eu\/en\/save-the-date-2025\/\">Re:Tradition \u2013 The Jagiellonian Fair Festival 2025<\/a><\/h2><\/div><\/div><div class=\"fusion-clearfix\"><\/div><\/div>\n<\/article>\n<article id=\"blog-1-post-55125\" class=\"fusion-post-grid post-55125 post type-post status-publish format-standard has-post-thumbnail hentry category-uncategorized\">\n<div class=\"fusion-post-wrapper\" style=\"background-color:rgba(255,255,255,1);border:1px solid #fefffc;border-bottom-width:3px;\">\n\n\t\t\t<div class=\"fusion-flexslider flexslider fusion-flexslider-loading fusion-post-slideshow\" style=\"border-color:#fefffc;\">\n\t\t<ul class=\"slides\">\n\t\t\t\n\t\t\t\t\t\t\t\t\t\t\t\t\t\t<li><div  class=\"fusion-image-wrapper\" aria-haspopup=\"true\">\n\t\t\t\t\t\t\t<a href=\"https:\/\/retradycja.eu\/en\/saturday-party\/\" aria-label=\"Saturday dance party\">\n\t\t\t\t\t\t\t<img decoding=\"async\" width=\"1920\" height=\"1079\" src=\"https:\/\/retradycja.eu\/wp-content\/uploads\/2024\/07\/potancowka_re-10.jpg\" class=\"attachment-full size-full wp-post-image\" alt=\"Kola\u017c ze zdj\u0119\u0107 trzech kapel. Napis: Pota\u0144c\u00f3wka.\" srcset=\"https:\/\/retradycja.eu\/wp-content\/uploads\/2024\/07\/potancowka_re-10-200x112.jpg 200w, https:\/\/retradycja.eu\/wp-content\/uploads\/2024\/07\/potancowka_re-10-400x225.jpg 400w, https:\/\/retradycja.eu\/wp-content\/uploads\/2024\/07\/potancowka_re-10-600x337.jpg 600w, https:\/\/retradycja.eu\/wp-content\/uploads\/2024\/07\/potancowka_re-10-800x450.jpg 800w, https:\/\/retradycja.eu\/wp-content\/uploads\/2024\/07\/potancowka_re-10-1200x674.jpg 1200w, https:\/\/retradycja.eu\/wp-content\/uploads\/2024\/07\/potancowka_re-10.jpg 1920w\" sizes=\"(min-width: 2200px) 100vw, (min-width: 784px) 608px, (min-width: 712px) 784px, (min-width: 640px) 712px, \" \/>\t\t\t<\/a>\n\t\t\t\t\t\t\t<\/div>\n<\/li>\n\t\t\t\n\t\t\t\n\t\t\t\t\t\t\t\t\t\t\t\t\t\t\t\t\t\t\t\t\t\t\t\t\t\t\t\t\t\t\t\t\t\t\t\t\t\t\t\t\t\t\t\t\t\t\t\t\t\t\t\t\t\t\t\t\t\t\t\t\t\t\t\t\t\t\t\t<\/ul>\n\t<\/div>\n\t<div class=\"fusion-post-content-wrapper\" style=\"padding:30px 25px 25px 25px;\"><div class=\"fusion-post-content post-content\"><h2 class=\"blog-shortcode-post-title entry-title\"><a href=\"https:\/\/retradycja.eu\/en\/saturday-party\/\">Saturday dance party<\/a><\/h2><\/div><\/div><div class=\"fusion-clearfix\"><\/div><\/div>\n<\/article>\n<article id=\"blog-1-post-55412\" class=\"fusion-post-grid post-55412 post type-post status-publish format-standard has-post-thumbnail hentry category-uncategorized\">\n<div class=\"fusion-post-wrapper\" style=\"background-color:rgba(255,255,255,1);border:1px solid #fefffc;border-bottom-width:3px;\">\n\n\t\t\t<div class=\"fusion-flexslider flexslider fusion-flexslider-loading fusion-post-slideshow\" style=\"border-color:#fefffc;\">\n\t\t<ul class=\"slides\">\n\t\t\t\n\t\t\t\t\t\t\t\t\t\t\t\t\t\t<li><div  class=\"fusion-image-wrapper\" aria-haspopup=\"true\">\n\t\t\t\t\t\t\t<a href=\"https:\/\/retradycja.eu\/en\/three-day-traditional-festival\/\" aria-label=\"A three-day celebration of traditional culture awaits!\">\n\t\t\t\t\t\t\t<img decoding=\"async\" width=\"1920\" height=\"1080\" src=\"https:\/\/retradycja.eu\/wp-content\/uploads\/2024\/07\/Caly-program-1920x1080-1.jpg\" class=\"attachment-full size-full wp-post-image\" alt=\"Grafika z napisem &quot;ca\u0142y program&quot;.\" srcset=\"https:\/\/retradycja.eu\/wp-content\/uploads\/2024\/07\/Caly-program-1920x1080-1-200x113.jpg 200w, https:\/\/retradycja.eu\/wp-content\/uploads\/2024\/07\/Caly-program-1920x1080-1-400x225.jpg 400w, https:\/\/retradycja.eu\/wp-content\/uploads\/2024\/07\/Caly-program-1920x1080-1-600x338.jpg 600w, https:\/\/retradycja.eu\/wp-content\/uploads\/2024\/07\/Caly-program-1920x1080-1-800x450.jpg 800w, https:\/\/retradycja.eu\/wp-content\/uploads\/2024\/07\/Caly-program-1920x1080-1-1200x675.jpg 1200w, https:\/\/retradycja.eu\/wp-content\/uploads\/2024\/07\/Caly-program-1920x1080-1.jpg 1920w\" sizes=\"(min-width: 2200px) 100vw, (min-width: 784px) 608px, (min-width: 712px) 784px, (min-width: 640px) 712px, \" \/>\t\t\t<\/a>\n\t\t\t\t\t\t\t<\/div>\n<\/li>\n\t\t\t\n\t\t\t\n\t\t\t\t\t\t\t\t\t\t\t\t\t\t\t\t\t\t\t\t\t\t\t\t\t\t\t\t\t\t\t\t\t\t\t\t\t\t\t\t\t\t\t\t\t\t\t\t\t\t\t\t\t\t\t\t\t\t\t\t\t\t\t\t\t\t\t\t<\/ul>\n\t<\/div>\n\t<div class=\"fusion-post-content-wrapper\" style=\"padding:30px 25px 25px 25px;\"><div class=\"fusion-post-content post-content\"><h2 class=\"blog-shortcode-post-title entry-title\"><a href=\"https:\/\/retradycja.eu\/en\/three-day-traditional-festival\/\">A three-day celebration of traditional culture awaits!<\/a><\/h2><\/div><\/div><div class=\"fusion-clearfix\"><\/div><\/div>\n<\/article>\n<div class=\"fusion-clearfix\"><\/div><\/div><div class=\"pagination clearfix\"><span class=\"current\">1<\/span><a href=\"https:\/\/retradycja.eu\/en\/wp-json\/wp\/v2\/pages\/35410\/page\/2\/\" class=\"inactive\">2<\/a><a class=\"pagination-next\" rel=\"next\" href=\"https:\/\/retradycja.eu\/en\/wp-json\/wp\/v2\/pages\/35410\/page\/2\/\"><span class=\"page-text\">Next<\/span><span class=\"page-next\"><\/span><\/a><\/div><div class=\"fusion-clearfix\"><\/div><\/div><\/div><\/div><\/div><\/div><\/p>\n","protected":false},"excerpt":{"rendered":"","protected":false},"author":6,"featured_media":0,"parent":0,"menu_order":0,"comment_status":"closed","ping_status":"closed","template":"","meta":{"_acf_changed":false,"ngg_post_thumbnail":0,"footnotes":""},"acf":[],"yoast_head":"<!-- This site is optimized with the Yoast SEO plugin v22.2 - https:\/\/yoast.com\/wordpress\/plugins\/seo\/ -->\n<title>News - Jarmark Jagiello\u0144ski<\/title>\n<meta name=\"robots\" content=\"index, follow, max-snippet:-1, max-image-preview:large, max-video-preview:-1\" \/>\n<link rel=\"canonical\" href=\"https:\/\/retradycja.eu\/en\/news\/\" \/>\n<meta property=\"og:locale\" content=\"en_US\" \/>\n<meta property=\"og:type\" content=\"article\" \/>\n<meta property=\"og:title\" content=\"News - Jarmark Jagiello\u0144ski\" \/>\n<meta property=\"og:url\" content=\"https:\/\/retradycja.eu\/en\/news\/\" \/>\n<meta property=\"og:site_name\" content=\"Jarmark Jagiello\u0144ski\" \/>\n<meta property=\"article:publisher\" content=\"https:\/\/www.facebook.com\/retradycja\" \/>\n<meta property=\"article:modified_time\" content=\"2020-08-07T09:34:58+00:00\" \/>\n<meta name=\"twitter:card\" content=\"summary_large_image\" \/>\n<meta name=\"twitter:label1\" content=\"Est. reading time\" \/>\n\t<meta name=\"twitter:data1\" content=\"4 minutes\" \/>\n<script type=\"application\/ld+json\" class=\"yoast-schema-graph\">{\"@context\":\"https:\/\/schema.org\",\"@graph\":[{\"@type\":\"WebPage\",\"@id\":\"https:\/\/retradycja.eu\/en\/news\/\",\"url\":\"https:\/\/retradycja.eu\/en\/news\/\",\"name\":\"News - Jarmark Jagiello\u0144ski\",\"isPartOf\":{\"@id\":\"https:\/\/retradycja.eu\/pl\/#website\"},\"datePublished\":\"2020-08-07T09:34:57+00:00\",\"dateModified\":\"2020-08-07T09:34:58+00:00\",\"breadcrumb\":{\"@id\":\"https:\/\/retradycja.eu\/en\/news\/#breadcrumb\"},\"inLanguage\":\"en-US\",\"potentialAction\":[{\"@type\":\"ReadAction\",\"target\":[\"https:\/\/retradycja.eu\/en\/news\/\"]}]},{\"@type\":\"BreadcrumbList\",\"@id\":\"https:\/\/retradycja.eu\/en\/news\/#breadcrumb\",\"itemListElement\":[{\"@type\":\"ListItem\",\"position\":1,\"name\":\"Strona g\u0142\u00f3wna\",\"item\":\"https:\/\/retradycja.eu\/en\/\"},{\"@type\":\"ListItem\",\"position\":2,\"name\":\"News\"}]},{\"@type\":\"WebSite\",\"@id\":\"https:\/\/retradycja.eu\/pl\/#website\",\"url\":\"https:\/\/retradycja.eu\/pl\/\",\"name\":\"Jarmark Jagiello\u0144ski\",\"description\":\"The Jagiellonian Fair 21-23 August 2020 |  Lublin, Old Town\",\"publisher\":{\"@id\":\"https:\/\/retradycja.eu\/pl\/#organization\"},\"potentialAction\":[{\"@type\":\"SearchAction\",\"target\":{\"@type\":\"EntryPoint\",\"urlTemplate\":\"https:\/\/retradycja.eu\/pl\/?s={search_term_string}\"},\"query-input\":\"required name=search_term_string\"}],\"inLanguage\":\"en-US\"},{\"@type\":\"Organization\",\"@id\":\"https:\/\/retradycja.eu\/pl\/#organization\",\"name\":\"Warsztaty Kultury w Lublinie\",\"url\":\"https:\/\/retradycja.eu\/pl\/\",\"logo\":{\"@type\":\"ImageObject\",\"inLanguage\":\"en-US\",\"@id\":\"https:\/\/retradycja.eu\/pl\/#\/schema\/logo\/image\/\",\"url\":\"https:\/\/retradycja.eu\/wp-content\/uploads\/2022\/06\/logo_retradycje-01.png\",\"contentUrl\":\"https:\/\/retradycja.eu\/wp-content\/uploads\/2022\/06\/logo_retradycje-01.png\",\"width\":332,\"height\":63,\"caption\":\"Warsztaty Kultury w Lublinie\"},\"image\":{\"@id\":\"https:\/\/retradycja.eu\/pl\/#\/schema\/logo\/image\/\"},\"sameAs\":[\"https:\/\/www.facebook.com\/retradycja\",\"https:\/\/www.instagram.com\/retradycja_jarmarkjagiellonski\/\",\"https:\/\/www.youtube.com\/user\/JarmarkJagiellonski\"]}]}<\/script>\n<!-- \/ Yoast SEO plugin. -->","yoast_head_json":{"title":"News - Jarmark Jagiello\u0144ski","robots":{"index":"index","follow":"follow","max-snippet":"max-snippet:-1","max-image-preview":"max-image-preview:large","max-video-preview":"max-video-preview:-1"},"canonical":"https:\/\/retradycja.eu\/en\/news\/","og_locale":"en_US","og_type":"article","og_title":"News - Jarmark Jagiello\u0144ski","og_url":"https:\/\/retradycja.eu\/en\/news\/","og_site_name":"Jarmark Jagiello\u0144ski","article_publisher":"https:\/\/www.facebook.com\/retradycja","article_modified_time":"2020-08-07T09:34:58+00:00","twitter_card":"summary_large_image","twitter_misc":{"Est. reading time":"4 minutes"},"schema":{"@context":"https:\/\/schema.org","@graph":[{"@type":"WebPage","@id":"https:\/\/retradycja.eu\/en\/news\/","url":"https:\/\/retradycja.eu\/en\/news\/","name":"News - Jarmark Jagiello\u0144ski","isPartOf":{"@id":"https:\/\/retradycja.eu\/pl\/#website"},"datePublished":"2020-08-07T09:34:57+00:00","dateModified":"2020-08-07T09:34:58+00:00","breadcrumb":{"@id":"https:\/\/retradycja.eu\/en\/news\/#breadcrumb"},"inLanguage":"en-US","potentialAction":[{"@type":"ReadAction","target":["https:\/\/retradycja.eu\/en\/news\/"]}]},{"@type":"BreadcrumbList","@id":"https:\/\/retradycja.eu\/en\/news\/#breadcrumb","itemListElement":[{"@type":"ListItem","position":1,"name":"Strona g\u0142\u00f3wna","item":"https:\/\/retradycja.eu\/en\/"},{"@type":"ListItem","position":2,"name":"News"}]},{"@type":"WebSite","@id":"https:\/\/retradycja.eu\/pl\/#website","url":"https:\/\/retradycja.eu\/pl\/","name":"Jarmark Jagiello\u0144ski","description":"The Jagiellonian Fair 21-23 August 2020 |  Lublin, Old Town","publisher":{"@id":"https:\/\/retradycja.eu\/pl\/#organization"},"potentialAction":[{"@type":"SearchAction","target":{"@type":"EntryPoint","urlTemplate":"https:\/\/retradycja.eu\/pl\/?s={search_term_string}"},"query-input":"required name=search_term_string"}],"inLanguage":"en-US"},{"@type":"Organization","@id":"https:\/\/retradycja.eu\/pl\/#organization","name":"Warsztaty Kultury w Lublinie","url":"https:\/\/retradycja.eu\/pl\/","logo":{"@type":"ImageObject","inLanguage":"en-US","@id":"https:\/\/retradycja.eu\/pl\/#\/schema\/logo\/image\/","url":"https:\/\/retradycja.eu\/wp-content\/uploads\/2022\/06\/logo_retradycje-01.png","contentUrl":"https:\/\/retradycja.eu\/wp-content\/uploads\/2022\/06\/logo_retradycje-01.png","width":332,"height":63,"caption":"Warsztaty Kultury w Lublinie"},"image":{"@id":"https:\/\/retradycja.eu\/pl\/#\/schema\/logo\/image\/"},"sameAs":["https:\/\/www.facebook.com\/retradycja","https:\/\/www.instagram.com\/retradycja_jarmarkjagiellonski\/","https:\/\/www.youtube.com\/user\/JarmarkJagiellonski"]}]}},"_links":{"self":[{"href":"https:\/\/retradycja.eu\/en\/wp-json\/wp\/v2\/pages\/35410"}],"collection":[{"href":"https:\/\/retradycja.eu\/en\/wp-json\/wp\/v2\/pages"}],"about":[{"href":"https:\/\/retradycja.eu\/en\/wp-json\/wp\/v2\/types\/page"}],"author":[{"embeddable":true,"href":"https:\/\/retradycja.eu\/en\/wp-json\/wp\/v2\/users\/6"}],"replies":[{"embeddable":true,"href":"https:\/\/retradycja.eu\/en\/wp-json\/wp\/v2\/comments?post=35410"}],"version-history":[{"count":2,"href":"https:\/\/retradycja.eu\/en\/wp-json\/wp\/v2\/pages\/35410\/revisions"}],"predecessor-version":[{"id":35412,"href":"https:\/\/retradycja.eu\/en\/wp-json\/wp\/v2\/pages\/35410\/revisions\/35412"}],"wp:attachment":[{"href":"https:\/\/retradycja.eu\/en\/wp-json\/wp\/v2\/media?parent=35410"}],"curies":[{"name":"wp","href":"https:\/\/api.w.org\/{rel}","templated":true}]}}